{"id":188,"date":"2024-12-02T18:03:02","date_gmt":"2024-12-02T17:03:02","guid":{"rendered":"https:\/\/www.qualitycreation.eu\/?page_id=188"},"modified":"2024-12-05T14:01:38","modified_gmt":"2024-12-05T13:01:38","slug":"activities","status":"publish","type":"page","link":"https:\/\/www.qualitycreation.eu\/de\/activities\/","title":{"rendered":"Aktivit\u00e4ten"},"content":{"rendered":"\r\n<figure class=\"wp-block-image size-full\"><img loading=\"lazy\" decoding=\"async\" width=\"2560\" height=\"1920\" src=\"https:\/\/www.qualitycreation.eu\/wp-content\/uploads\/2024\/12\/IMG_5095-scaled.jpeg\" alt=\"\" class=\"wp-image-551\" srcset=\"https:\/\/www.qualitycreation.eu\/wp-content\/uploads\/2024\/12\/IMG_5095-scaled.jpeg 2560w, https:\/\/www.qualitycreation.eu\/wp-content\/uploads\/2024\/12\/IMG_5095-300x225.jpeg 300w, https:\/\/www.qualitycreation.eu\/wp-content\/uploads\/2024\/12\/IMG_5095-1024x768.jpeg 1024w, https:\/\/www.qualitycreation.eu\/wp-content\/uploads\/2024\/12\/IMG_5095-768x576.jpeg 768w, https:\/\/www.qualitycreation.eu\/wp-content\/uploads\/2024\/12\/IMG_5095-1536x1152.jpeg 1536w, https:\/\/www.qualitycreation.eu\/wp-content\/uploads\/2024\/12\/IMG_5095-2048x1536.jpeg 2048w\" sizes=\"auto, (max-width: 2560px) 100vw, 2560px\" \/><\/figure>\r\n\r\n\r\n\r\n<p>QUALITAS f\u00fchrt alle notwendigen Aktivit\u00e4ten durch, die zur Umsetzung des Projekts f\u00fchren, darunter auch die folgenden: <\/p>\r\n\r\n\r\n\r\n<ul class=\"wp-block-list\">\r\n<li>Kontinuierliche Konsultation von Berufsbildungslehrern aus den Projektl\u00e4ndern und Piloten in den Projektl\u00e4ndern Estland, Portugal, \u00d6sterreich, Spanien und Italien, um die Validierung der produzierten Ergebnisse zu unterst\u00fctzen <\/li>\r\n\r\n\r\n\r\n<li>Eine in Neapel (Italien) organisierte Fortbildungsveranstaltung f\u00fcr Berufsschullehrer aus allen Projektl\u00e4ndern <\/li>\r\n<\/ul>\r\n\r\n\r\n\r\n<p><\/p>\r\n","protected":false},"excerpt":{"rendered":"<p>QUALITAS f\u00fchrt alle notwendigen Aktivit\u00e4ten durch, die zur Umsetzung des Projekts f\u00fchren, darunter auch die folgenden: Kontinuierliche Konsultation<\/p>\n","protected":false},"author":1,"featured_media":0,"parent":0,"menu_order":0,"comment_status":"closed","ping_status":"closed","template":"","meta":{"footnotes":""},"class_list":["post-188","page","type-page","status-publish","hentry"],"_links":{"self":[{"href":"https:\/\/www.qualitycreation.eu\/de\/wp-json\/wp\/v2\/pages\/188","targetHints":{"allow":["GET"]}}],"collection":[{"href":"https:\/\/www.qualitycreation.eu\/de\/wp-json\/wp\/v2\/pages"}],"about":[{"href":"https:\/\/www.qualitycreation.eu\/de\/wp-json\/wp\/v2\/types\/page"}],"author":[{"embeddable":true,"href":"https:\/\/www.qualitycreation.eu\/de\/wp-json\/wp\/v2\/users\/1"}],"replies":[{"embeddable":true,"href":"https:\/\/www.qualitycreation.eu\/de\/wp-json\/wp\/v2\/comments?post=188"}],"version-history":[{"count":3,"href":"https:\/\/www.qualitycreation.eu\/de\/wp-json\/wp\/v2\/pages\/188\/revisions"}],"predecessor-version":[{"id":555,"href":"https:\/\/www.qualitycreation.eu\/de\/wp-json\/wp\/v2\/pages\/188\/revisions\/555"}],"wp:attachment":[{"href":"https:\/\/www.qualitycreation.eu\/de\/wp-json\/wp\/v2\/media?parent=188"}],"curies":[{"name":"wp","href":"https:\/\/api.w.org\/{rel}","templated":true}]}}