{"id":191,"date":"2024-12-02T18:04:23","date_gmt":"2024-12-02T17:04:23","guid":{"rendered":"https:\/\/www.qualitycreation.eu\/?page_id=191"},"modified":"2024-12-05T14:04:21","modified_gmt":"2024-12-05T13:04:21","slug":"resources","status":"publish","type":"page","link":"https:\/\/www.qualitycreation.eu\/es\/resources\/","title":{"rendered":"Recursos"},"content":{"rendered":"\r\n<figure class=\"wp-block-image size-large\"><img loading=\"lazy\" decoding=\"async\" width=\"1024\" height=\"683\" src=\"https:\/\/www.qualitycreation.eu\/wp-content\/uploads\/2024\/12\/20230808_974-1024x683.jpg\" alt=\"\" class=\"wp-image-232\" srcset=\"https:\/\/www.qualitycreation.eu\/wp-content\/uploads\/2024\/12\/20230808_974-1024x683.jpg 1024w, https:\/\/www.qualitycreation.eu\/wp-content\/uploads\/2024\/12\/20230808_974-300x200.jpg 300w, https:\/\/www.qualitycreation.eu\/wp-content\/uploads\/2024\/12\/20230808_974-768x512.jpg 768w, https:\/\/www.qualitycreation.eu\/wp-content\/uploads\/2024\/12\/20230808_974-1536x1024.jpg 1536w, https:\/\/www.qualitycreation.eu\/wp-content\/uploads\/2024\/12\/20230808_974-2048x1365.jpg 2048w\" sizes=\"auto, (max-width: 1024px) 100vw, 1024px\" \/><\/figure>\r\n\r\n\r\n\r\n<p>El proyecto QUALITAS crea diferentes tipos de recursos de formaci\u00f3n en FP de acceso abierto  en los idiomas del proyecto (ingl\u00e9s, estonio, portugu\u00e9s, alem\u00e1n, espa\u00f1ol e italiano) tales como: <\/p>\r\n\r\n\r\n\r\n<ul class=\"wp-block-list\">\r\n<li>El curso online de QUALITAS para profesores de FP apoya la creaci\u00f3n de valor en los \u00e1mbitos social, econ\u00f3mico y medioambiental \r\n<\/li>\r\n\r\n\r\n\r\n<li>Los m\u00f3dulos de aprendizaje de acceso abierto para estudiantes de FP<\/li>\r\n\r\n\r\n\r\n<li>La gu\u00eda electr\u00f3nica QUALITAS para la creaci\u00f3n de valor para los profesores de FP<\/li>\r\n<\/ul>\r\n\r\n\r\n\r\n<p><\/p>\r\n","protected":false},"excerpt":{"rendered":"<p>El proyecto QUALITAS crea diferentes tipos de recursos de formaci\u00f3n en FP de acceso abierto en los idiomas<\/p>\n","protected":false},"author":1,"featured_media":0,"parent":0,"menu_order":0,"comment_status":"closed","ping_status":"closed","template":"","meta":{"footnotes":""},"class_list":["post-191","page","type-page","status-publish","hentry"],"_links":{"self":[{"href":"https:\/\/www.qualitycreation.eu\/es\/wp-json\/wp\/v2\/pages\/191","targetHints":{"allow":["GET"]}}],"collection":[{"href":"https:\/\/www.qualitycreation.eu\/es\/wp-json\/wp\/v2\/pages"}],"about":[{"href":"https:\/\/www.qualitycreation.eu\/es\/wp-json\/wp\/v2\/types\/page"}],"author":[{"embeddable":true,"href":"https:\/\/www.qualitycreation.eu\/es\/wp-json\/wp\/v2\/users\/1"}],"replies":[{"embeddable":true,"href":"https:\/\/www.qualitycreation.eu\/es\/wp-json\/wp\/v2\/comments?post=191"}],"version-history":[{"count":4,"href":"https:\/\/www.qualitycreation.eu\/es\/wp-json\/wp\/v2\/pages\/191\/revisions"}],"predecessor-version":[{"id":558,"href":"https:\/\/www.qualitycreation.eu\/es\/wp-json\/wp\/v2\/pages\/191\/revisions\/558"}],"wp:attachment":[{"href":"https:\/\/www.qualitycreation.eu\/es\/wp-json\/wp\/v2\/media?parent=191"}],"curies":[{"name":"wp","href":"https:\/\/api.w.org\/{rel}","templated":true}]}}