{"id":198,"date":"2024-12-02T18:09:17","date_gmt":"2024-12-02T17:09:17","guid":{"rendered":"https:\/\/www.qualitycreation.eu\/?page_id=198"},"modified":"2025-01-11T17:06:24","modified_gmt":"2025-01-11T16:06:24","slug":"about-us","status":"publish","type":"page","link":"https:\/\/www.qualitycreation.eu\/es\/about-us\/","title":{"rendered":"Equipo"},"content":{"rendered":"\r\n<figure class=\"wp-block-image size-large is-resized\"><img loading=\"lazy\" decoding=\"async\" width=\"948\" height=\"727\" src=\"https:\/\/www.qualitycreation.eu\/wp-content\/uploads\/2024\/12\/KuressaareAmetikool_w-e1733173269703.jpg\" alt=\"\" class=\"wp-image-221\" style=\"width:275px;height:auto\" srcset=\"https:\/\/www.qualitycreation.eu\/wp-content\/uploads\/2024\/12\/KuressaareAmetikool_w-e1733173269703.jpg 948w, https:\/\/www.qualitycreation.eu\/wp-content\/uploads\/2024\/12\/KuressaareAmetikool_w-e1733173269703-300x230.jpg 300w, https:\/\/www.qualitycreation.eu\/wp-content\/uploads\/2024\/12\/KuressaareAmetikool_w-e1733173269703-768x589.jpg 768w\" sizes=\"auto, (max-width: 948px) 100vw, 948px\" \/><\/figure>\r\n\r\n\r\n\r\n<p>Kuressaare Ametikool (KRTC) es un centro regional de formaci\u00f3n profesional con 147 empleados (incluidos 86 profesores). KRTC ofrece formaci\u00f3n profesional inicial y complementaria (EQF Nivel 3-5) y tambi\u00e9n reciclaje en 15 \u00e1reas profesionales diferentes, las m\u00e1s importantes de ellas son el turismo, la restauraci\u00f3n y el dise\u00f1o. Hay unos 800 estudiantes regulares en los niveles superior y postsecundario, pero tambi\u00e9n unos 1000 estudiantes adultos durante un a\u00f1o en diferentes cursos de formaci\u00f3n para adultos.\r\nTambi\u00e9n ofrecemos cursos para personas con necesidades especiales. La KRTC tiene una notable experiencia en la cooperaci\u00f3n con las empresas locales y la oficina del mercado de trabajo. Una de las tareas del KRTC es formar a los tutores en las empresas y evaluar y acreditar a las empresas antes de que los estudiantes realicen pr\u00e1cticas. KRTC est\u00e1 aplicando principios de gesti\u00f3n de la calidad y ha participado en concursos de premios a la calidad para instituciones de FP en Estonia. Desde 2011 KRTC ha estado involucrado en el programa de garant\u00eda de la calidad de las instituciones de FP estonias, todos nuestros grupos curriculares (\u00e1reas profesionales) est\u00e1n acreditados. KRTC es miembro de la Asociaci\u00f3n Europea de Escuelas de Hosteler\u00eda y Turismo  (http:\/\/www.aeht.lu\/).\r\n<\/p>\r\n\r\n\r\n\r\n<p><a href=\"http:\/\/www.ametikool.ee\"><strong>www.ametikool.ee<\/strong><\/a><\/p>\r\n\r\n\r\n\r\n<figure class=\"wp-block-image size-large is-resized\"><img loading=\"lazy\" decoding=\"async\" width=\"1024\" height=\"330\" src=\"https:\/\/www.qualitycreation.eu\/wp-content\/uploads\/2024\/12\/JA-Estonia-e1733172788131-1024x330.png\" alt=\"\" class=\"wp-image-222\" style=\"width:464px;height:auto\" srcset=\"https:\/\/www.qualitycreation.eu\/wp-content\/uploads\/2024\/12\/JA-Estonia-e1733172788131-1024x330.png 1024w, https:\/\/www.qualitycreation.eu\/wp-content\/uploads\/2024\/12\/JA-Estonia-e1733172788131-300x97.png 300w, https:\/\/www.qualitycreation.eu\/wp-content\/uploads\/2024\/12\/JA-Estonia-e1733172788131-768x248.png 768w, https:\/\/www.qualitycreation.eu\/wp-content\/uploads\/2024\/12\/JA-Estonia-e1733172788131-1536x495.png 1536w, https:\/\/www.qualitycreation.eu\/wp-content\/uploads\/2024\/12\/JA-Estonia-e1733172788131-2048x660.png 2048w\" sizes=\"auto, (max-width: 1024px) 100vw, 1024px\" \/><\/figure>\r\n\r\n\r\n\r\n<p>Junior Achievementi Eesti (JA Estonia) es una organizaci\u00f3n no gubernamental sin fines de lucro que inici\u00f3 sus operaciones en Estonia en 1992, en su forma jur\u00eddica actual en 1994. JA Estonia es el proveedor m\u00e1s grande y conocido de educaci\u00f3n empresarial, alfabetizaci\u00f3n financiera y programas de preparaci\u00f3n para el trabajo en 220 escuelas en Estonia, incluidas 10 escuelas VET, con una red bien desarrollada de escuelas acad\u00e9micas y vocacionales en toda Estonia, tanto en ciudades como en peque\u00f1os lugares rurales. JA Estonia desarrolla programas de aprendizaje y materiales de estudio, capacita a los profesores para ense\u00f1ar los programas en las escuelas y organiza eventos de estudio y motivaci\u00f3n tanto para profesores como para estudiantes para apoyar su inter\u00e9s en el uso de estos programas, anualmente 14.000 estudiantes en 220 escuelas en diferentes niveles de edad.<\/p>\r\n\r\n\r\n\r\n<p><a href=\"www.ja.ee\"><strong>www.ja.ee<\/strong><\/a><\/p>\r\n\r\n\r\n\r\n<figure class=\"wp-block-image size-large is-resized\"><img loading=\"lazy\" decoding=\"async\" width=\"1024\" height=\"451\" src=\"https:\/\/www.qualitycreation.eu\/wp-content\/uploads\/2024\/12\/Epralima_Projetos_sem-fundo-e1733172723655-1024x451.png\" alt=\"\" class=\"wp-image-223\" style=\"width:299px;height:auto\" srcset=\"https:\/\/www.qualitycreation.eu\/wp-content\/uploads\/2024\/12\/Epralima_Projetos_sem-fundo-e1733172723655-1024x451.png 1024w, https:\/\/www.qualitycreation.eu\/wp-content\/uploads\/2024\/12\/Epralima_Projetos_sem-fundo-e1733172723655-300x132.png 300w, https:\/\/www.qualitycreation.eu\/wp-content\/uploads\/2024\/12\/Epralima_Projetos_sem-fundo-e1733172723655-768x338.png 768w, https:\/\/www.qualitycreation.eu\/wp-content\/uploads\/2024\/12\/Epralima_Projetos_sem-fundo-e1733172723655-1536x676.png 1536w, https:\/\/www.qualitycreation.eu\/wp-content\/uploads\/2024\/12\/Epralima_Projetos_sem-fundo-e1733172723655-2048x901.png 2048w\" sizes=\"auto, (max-width: 1024px) 100vw, 1024px\" \/><\/figure>\r\n\r\n\r\n\r\n<p>EPRALIMA &#8211; Escola Profissional do Alto Lima fue creada como una Cooperativa de Inter\u00e9s P\u00fablico y de Responsabilidad Limitada y es propiedad del Municipio de Arcos de Valdevez, el Municipio de Ponte da Barca y la ACIAB &#8211; Asociaci\u00f3n Comercial e Industrial de Arcos de Valdevez y Ponte da Bar\u00e7a. EPRALIMA es una cooperativa educativa de car\u00e1cter privado sin \u00e1nimo de lucro que tiene como objetivo aportar valor a la formaci\u00f3n de j\u00f3venes y adultos proporcion\u00e1ndoles una educaci\u00f3n y formaci\u00f3n profesional adecuada. En el ejercicio de su actividad, EPRALIMA depende de la supervisi\u00f3n cient\u00edfica, pedag\u00f3gica y funcional del Ministerio de Educaci\u00f3n y est\u00e1 financiada con fondos p\u00fablicos, y se basa en un proyecto de desarrollo intermunicipal que persigue los siguientes objetivos: formar personal intermedio necesario para el desarrollo local; contribuir a la reducci\u00f3n de las tasas de abandono y fracaso escolar; y de este modo, contribuir tambi\u00e9n a una sociedad centrada en la persona y la dignidad humana como valores fundamentales y a revitalizar el entorno social basado en los valores de igualdad de oportunidades.<\/p>\r\n\r\n\r\n\r\n<p><a href=\"http:\/\/www.epralima.com\/\"><strong>www.epralima.com<\/strong><\/a><\/p>\r\n\r\n\r\n\r\n<figure class=\"wp-block-image size-large is-resized\"><img loading=\"lazy\" decoding=\"async\" width=\"1024\" height=\"510\" src=\"https:\/\/www.qualitycreation.eu\/wp-content\/uploads\/2024\/12\/brainplus-Logo-e1733172767625-1024x510.jpg\" alt=\"\" class=\"wp-image-225\" style=\"width:300px;height:auto\" srcset=\"https:\/\/www.qualitycreation.eu\/wp-content\/uploads\/2024\/12\/brainplus-Logo-e1733172767625-1024x510.jpg 1024w, https:\/\/www.qualitycreation.eu\/wp-content\/uploads\/2024\/12\/brainplus-Logo-e1733172767625-300x149.jpg 300w, https:\/\/www.qualitycreation.eu\/wp-content\/uploads\/2024\/12\/brainplus-Logo-e1733172767625-768x382.jpg 768w, https:\/\/www.qualitycreation.eu\/wp-content\/uploads\/2024\/12\/brainplus-Logo-e1733172767625.jpg 1273w\" sizes=\"auto, (max-width: 1024px) 100vw, 1024px\" \/><\/figure>\r\n\r\n\r\n\r\n<p>Brainplus GmbH es una empresa austriaca que trabaja activamente en varios \u00e1mbitos educativos, como la formaci\u00f3n profesional y la educaci\u00f3n de adultos y j\u00f3venes. El enfoque de las formaciones es bastante amplio y, en su mayor\u00eda, se adapta a las necesidades del grupo objetivo. Los principales grupos destinatarios de Brainplus son las ONG de diferentes \u00e1mbitos sociales, los trabajadores juveniles y los centros de formaci\u00f3n para personas con discapacidad. Al combinar todos los servicios, competencias y habilidades, Brainplus se ha convertido en un actor clave en el panorama de la formaci\u00f3n local y regional en Estiria\/Austria y tiene numerosos contactos con los actores regionales, nacionales y europeos en materia de educaci\u00f3n, formaci\u00f3n y desarrollo empresarial. Brainplus tambi\u00e9n es miembro de tres redes internacionales de formaci\u00f3n de \u00e1mbito europeo (EURORESO, ENSIM y ENTER).<\/p>\r\n\r\n\r\n\r\n<p><a href=\"http:\/\/www.brainplus.at\"><strong>www.brainplus.at<\/strong><\/a><\/p>\r\n\r\n\r\n\r\n<div style=\"height:16px\" aria-hidden=\"true\" class=\"wp-block-spacer\"><\/div>\r\n\r\n\r\n\r\n<figure class=\"wp-block-image size-large is-resized\"><img loading=\"lazy\" decoding=\"async\" width=\"1024\" height=\"385\" src=\"https:\/\/www.qualitycreation.eu\/wp-content\/uploads\/2024\/12\/Logo-Camara-1-1024x385.jpg\" alt=\"\" class=\"wp-image-226\" style=\"width:257px;height:auto\" srcset=\"https:\/\/www.qualitycreation.eu\/wp-content\/uploads\/2024\/12\/Logo-Camara-1-1024x385.jpg 1024w, https:\/\/www.qualitycreation.eu\/wp-content\/uploads\/2024\/12\/Logo-Camara-1-300x113.jpg 300w, https:\/\/www.qualitycreation.eu\/wp-content\/uploads\/2024\/12\/Logo-Camara-1-768x289.jpg 768w, https:\/\/www.qualitycreation.eu\/wp-content\/uploads\/2024\/12\/Logo-Camara-1-1536x578.jpg 1536w, https:\/\/www.qualitycreation.eu\/wp-content\/uploads\/2024\/12\/Logo-Camara-1-2048x770.jpg 2048w\" sizes=\"auto, (max-width: 1024px) 100vw, 1024px\" \/><\/figure>\r\n\r\n\r\n\r\n<p>La C\u00e1mara Oficial de Comercio, Industria, Servicios y Navegaci\u00f3n de Sevilla (CCSEV) es una Corporaci\u00f3n P\u00fablica sin \u00e1nimo de lucro creada por Ley como \u00f3rgano consultivo de colaboraci\u00f3n con las Administraciones P\u00fablicas, ante las que representa el inter\u00e9s general de sus empresas asociadas (que en la actualidad suman unas 110.000 empresas) CCSEV promueve el desarrollo empresarial, el emprendimiento, la internacionalizaci\u00f3n y la innovaci\u00f3n a trav\u00e9s de diversos servicios y actividades. CCSEV trabaja en estrecha colaboraci\u00f3n con la Junta de Andaluc\u00eda en materia de servicios de empleo y dispone de un amplio programa formativo con diferentes cursos dirigidos a emprendedores, profesionales, trabajadores y desempleados. Adem\u00e1s, la C\u00e1mara de Comercio de Sevilla gestiona su propia Escuela de Negocios, un Centro de FP y un Centro Universitario ubicados en Sevilla y con m\u00e1s de 1.300 alumnos, a los que, adem\u00e1s de la formaci\u00f3n espec\u00edfica en sus diferentes planes de estudios, se les suele orientar su formaci\u00f3n al mundo empresarial y al mercado. <\/p>\r\n\r\n\r\n\r\n<p><a href=\"http:\/\/www.camaradesevilla.com\"><strong>www.camaradesevilla.com<\/strong><\/a><\/p>\r\n\r\n\r\n\r\n<figure class=\"wp-block-image size-large is-resized\"><img loading=\"lazy\" decoding=\"async\" width=\"1024\" height=\"358\" src=\"https:\/\/www.qualitycreation.eu\/wp-content\/uploads\/2024\/12\/logo-png-e1733172686223-1024x358.png\" alt=\"\" class=\"wp-image-228\" style=\"width:312px;height:auto\" srcset=\"https:\/\/www.qualitycreation.eu\/wp-content\/uploads\/2024\/12\/logo-png-e1733172686223-1024x358.png 1024w, https:\/\/www.qualitycreation.eu\/wp-content\/uploads\/2024\/12\/logo-png-e1733172686223-300x105.png 300w, https:\/\/www.qualitycreation.eu\/wp-content\/uploads\/2024\/12\/logo-png-e1733172686223-768x268.png 768w, https:\/\/www.qualitycreation.eu\/wp-content\/uploads\/2024\/12\/logo-png-e1733172686223.png 1150w\" sizes=\"auto, (max-width: 1024px) 100vw, 1024px\" \/><\/figure>\r\n\r\n\r\n\r\n<p>La Universidad de N\u00e1poles Federico II fue la primera universidad financiada con fondos p\u00fablicos en Europa, establecida en 1224 mediante una Carta Imperial de Federico II Hohenstaufen, Rey de Sicilia y Emperador del Sacro Imperio Romano Germ\u00e1nico. En la actualidad, la Universidad ofrece cursos en pr\u00e1cticamente todas las disciplinas acad\u00e9micas, lo que da lugar a ciento cincuenta y cinco t\u00edtulos de posgrado. Las instalaciones de investigaci\u00f3n brindan apoyo a todos estos cursos. Los estudiantes tienen la oportunidad de desarrollarse intelectualmente y adquirir habilidades profesionales. La matr\u00edcula actual de estudiantes se acerca a los 90.000 y el personal acad\u00e9mico, en este momento, es de 3.121. <br>El Departamento de Ciencias Pol\u00edticas es uno de los nuevos 26 Departamentos de la Universidad de N\u00e1poles Federico II. La did\u00e1ctica y la investigaci\u00f3n se inspiran en un enfoque multidisciplinario adecuado para lograr una comprensi\u00f3n m\u00e1s amplia de las cuestiones sociales con el fin de afrontar los desaf\u00edos contempor\u00e1neos. Los cursos actuales del Departamento de Ciencia Pol\u00edtica son funcionales al logro de conocimientos que se adapten plenamente a la evoluci\u00f3n del sistema socioecon\u00f3mico y del mercado de trabajo, potenciando las oportunidades de inserci\u00f3n laboral calificada.<\/p>\r\n\r\n\r\n\r\n<p><a href=\"http:\/\/www.scienzepolitiche.unina.it\/\"><strong>www.scienzepolitiche.unina.it<\/strong><\/a><\/p>\r\n\r\n\r\n\r\n<div style=\"height:16px\" aria-hidden=\"true\" class=\"wp-block-spacer\"><\/div>\r\n\r\n\r\n\r\n<figure class=\"wp-block-image size-large is-resized\"><img loading=\"lazy\" decoding=\"async\" width=\"1024\" height=\"161\" src=\"https:\/\/www.qualitycreation.eu\/wp-content\/uploads\/2024\/12\/JanusOcol-1024x161.png\" alt=\"\" class=\"wp-image-229\" style=\"width:289px;height:auto\" srcset=\"https:\/\/www.qualitycreation.eu\/wp-content\/uploads\/2024\/12\/JanusOcol-1024x161.png 1024w, https:\/\/www.qualitycreation.eu\/wp-content\/uploads\/2024\/12\/JanusOcol-300x47.png 300w, https:\/\/www.qualitycreation.eu\/wp-content\/uploads\/2024\/12\/JanusOcol-768x121.png 768w, https:\/\/www.qualitycreation.eu\/wp-content\/uploads\/2024\/12\/JanusOcol-1536x242.png 1536w, https:\/\/www.qualitycreation.eu\/wp-content\/uploads\/2024\/12\/JanusOcol.png 2000w\" sizes=\"auto, (max-width: 1024px) 100vw, 1024px\" \/><\/figure>\r\n\r\n\r\n\r\n<p>JANUS s.r.l. es una empresa privada italiana que crea y desarrolla aplicaciones de software innovadoras para entidades p\u00fablicas y privadas, para el \u00e1mbito cultural, formativo, educativo y empresarial. JANUS garantiza la compatibilidad de sus productos con cualquier tipo de red (Internet, intranet y\/o extranet). Los servicios que presta la empresa incluyen tambi\u00e9n el dise\u00f1o gr\u00e1fico y la producci\u00f3n digital\/multimedia. Todos los servicios de JANUS est\u00e1n respaldados por asistencia, manuales t\u00e9cnicos y formaci\u00f3n. Entre las producciones de \u00e9xito de JANUS se encuentran \u201cAmaMusei\u201d y \u201cAmacitt\u00e0\u201d, que consisten en una plataforma integrada y aplicaciones basadas en el BAC \u2013 Beacon Access Control. Ambos productos est\u00e1n siendo ampliamente utilizados por un gran n\u00famero de museos y municipios en Italia.\r\n<\/p>\r\n\r\n\r\n\r\n<p><a href=\"http:\/\/www.janus.it\/\"><strong>www.janus.it<\/strong><\/a><\/p>\r\n\r\n\r\n\r\n<p><\/p>\r\n","protected":false},"excerpt":{"rendered":"<p>Kuressaare Ametikool (KRTC) es un centro regional de formaci\u00f3n profesional con 147 empleados (incluidos 86 profesores). KRTC ofrece<\/p>\n","protected":false},"author":1,"featured_media":0,"parent":0,"menu_order":0,"comment_status":"closed","ping_status":"closed","template":"","meta":{"footnotes":""},"class_list":["post-198","page","type-page","status-publish","hentry"],"_links":{"self":[{"href":"https:\/\/www.qualitycreation.eu\/es\/wp-json\/wp\/v2\/pages\/198","targetHints":{"allow":["GET"]}}],"collection":[{"href":"https:\/\/www.qualitycreation.eu\/es\/wp-json\/wp\/v2\/pages"}],"about":[{"href":"https:\/\/www.qualitycreation.eu\/es\/wp-json\/wp\/v2\/types\/page"}],"author":[{"embeddable":true,"href":"https:\/\/www.qualitycreation.eu\/es\/wp-json\/wp\/v2\/users\/1"}],"replies":[{"embeddable":true,"href":"https:\/\/www.qualitycreation.eu\/es\/wp-json\/wp\/v2\/comments?post=198"}],"version-history":[{"count":10,"href":"https:\/\/www.qualitycreation.eu\/es\/wp-json\/wp\/v2\/pages\/198\/revisions"}],"predecessor-version":[{"id":1422,"href":"https:\/\/www.qualitycreation.eu\/es\/wp-json\/wp\/v2\/pages\/198\/revisions\/1422"}],"wp:attachment":[{"href":"https:\/\/www.qualitycreation.eu\/es\/wp-json\/wp\/v2\/media?parent=198"}],"curies":[{"name":"wp","href":"https:\/\/api.w.org\/{rel}","templated":true}]}}