{"id":425,"date":"2024-12-03T15:30:13","date_gmt":"2024-12-03T14:30:13","guid":{"rendered":"https:\/\/www.qualitycreation.eu\/?page_id=425"},"modified":"2025-01-10T09:16:36","modified_gmt":"2025-01-10T08:16:36","slug":"qualitas","status":"publish","type":"page","link":"https:\/\/www.qualitycreation.eu\/es\/qualitas\/","title":{"rendered":"El concepto del proyecto "},"content":{"rendered":"\r\n<div class=\"wp-block-media-text is-stacked-on-mobile\" style=\"grid-template-columns:67% auto\"><figure class=\"wp-block-media-text__media\"><img loading=\"lazy\" decoding=\"async\" width=\"917\" height=\"1024\" src=\"https:\/\/www.qualitycreation.eu\/wp-content\/uploads\/2024\/12\/IMG_5524-917x1024.png\" alt=\"\" class=\"wp-image-426 size-full\" srcset=\"https:\/\/www.qualitycreation.eu\/wp-content\/uploads\/2024\/12\/IMG_5524-917x1024.png 917w, https:\/\/www.qualitycreation.eu\/wp-content\/uploads\/2024\/12\/IMG_5524-269x300.png 269w, https:\/\/www.qualitycreation.eu\/wp-content\/uploads\/2024\/12\/IMG_5524-768x857.png 768w, https:\/\/www.qualitycreation.eu\/wp-content\/uploads\/2024\/12\/IMG_5524-1376x1536.png 1376w, https:\/\/www.qualitycreation.eu\/wp-content\/uploads\/2024\/12\/IMG_5524-1835x2048.png 1835w, https:\/\/www.qualitycreation.eu\/wp-content\/uploads\/2024\/12\/IMG_5524-1024x1143.png 1024w\" sizes=\"auto, (max-width: 917px) 100vw, 917px\" \/><\/figure><div class=\"wp-block-media-text__content\">\r\n<p><strong>El concepto del proyecto QUALITAS<\/strong><\/p>\r\n\r\n\r\n\r\n<p>El proyecto Erasmus+ QUALITAS \u00abValue creation to foster resilience, sustainability and empowerment of European VET system \/ Creaci\u00f3n de valor para fomentar la resiliencia, la sostenibilidad y la potenciaci\u00f3n del sistema europeo de FP\u00bb contribuye a mejorar los sistemas nacionales de FP en los pa\u00edses del proyecto (Estonia, Portugal, Austria, Espa\u00f1a e Italia) mediante la introducci\u00f3n en la educaci\u00f3n y formaci\u00f3n profesional del enfoque innovador de creaci\u00f3n de valor propuesto en los \u00e1mbitos social, econ\u00f3mico y medioambiental seleccionados.<\/p>\r\n<\/div><\/div>\r\n\r\n\r\n\r\n<p><\/p>\r\n","protected":false},"excerpt":{"rendered":"<p>El concepto del proyecto QUALITAS El proyecto Erasmus+ QUALITAS \u00abValue creation to foster resilience, sustainability and empowerment of<\/p>\n","protected":false},"author":2,"featured_media":0,"parent":0,"menu_order":0,"comment_status":"closed","ping_status":"closed","template":"","meta":{"footnotes":""},"class_list":["post-425","page","type-page","status-publish","hentry"],"_links":{"self":[{"href":"https:\/\/www.qualitycreation.eu\/es\/wp-json\/wp\/v2\/pages\/425","targetHints":{"allow":["GET"]}}],"collection":[{"href":"https:\/\/www.qualitycreation.eu\/es\/wp-json\/wp\/v2\/pages"}],"about":[{"href":"https:\/\/www.qualitycreation.eu\/es\/wp-json\/wp\/v2\/types\/page"}],"author":[{"embeddable":true,"href":"https:\/\/www.qualitycreation.eu\/es\/wp-json\/wp\/v2\/users\/2"}],"replies":[{"embeddable":true,"href":"https:\/\/www.qualitycreation.eu\/es\/wp-json\/wp\/v2\/comments?post=425"}],"version-history":[{"count":9,"href":"https:\/\/www.qualitycreation.eu\/es\/wp-json\/wp\/v2\/pages\/425\/revisions"}],"predecessor-version":[{"id":1397,"href":"https:\/\/www.qualitycreation.eu\/es\/wp-json\/wp\/v2\/pages\/425\/revisions\/1397"}],"wp:attachment":[{"href":"https:\/\/www.qualitycreation.eu\/es\/wp-json\/wp\/v2\/media?parent=425"}],"curies":[{"name":"wp","href":"https:\/\/api.w.org\/{rel}","templated":true}]}}