{"id":191,"date":"2024-12-02T18:04:23","date_gmt":"2024-12-02T17:04:23","guid":{"rendered":"https:\/\/www.qualitycreation.eu\/?page_id=191"},"modified":"2024-12-05T14:04:21","modified_gmt":"2024-12-05T13:04:21","slug":"resources","status":"publish","type":"page","link":"https:\/\/www.qualitycreation.eu\/et\/resources\/","title":{"rendered":"Ressursid"},"content":{"rendered":"\r\n<figure class=\"wp-block-image size-large\"><img loading=\"lazy\" decoding=\"async\" width=\"1024\" height=\"683\" class=\"wp-image-232\" src=\"https:\/\/www.qualitycreation.eu\/wp-content\/uploads\/2024\/12\/20230808_974-1024x683.jpg\" alt=\"\" srcset=\"https:\/\/www.qualitycreation.eu\/wp-content\/uploads\/2024\/12\/20230808_974-1024x683.jpg 1024w, https:\/\/www.qualitycreation.eu\/wp-content\/uploads\/2024\/12\/20230808_974-300x200.jpg 300w, https:\/\/www.qualitycreation.eu\/wp-content\/uploads\/2024\/12\/20230808_974-768x512.jpg 768w, https:\/\/www.qualitycreation.eu\/wp-content\/uploads\/2024\/12\/20230808_974-1536x1024.jpg 1536w, https:\/\/www.qualitycreation.eu\/wp-content\/uploads\/2024\/12\/20230808_974-2048x1365.jpg 2048w\" sizes=\"auto, (max-width: 1024px) 100vw, 1024px\" \/><\/figure>\r\nQUALITAS projekt loob kutse\u00f5ppe avatud juurdep\u00e4\u00e4suga koolitusmaterjalid k\u00f5ikides projekti keeltes: inglise, eesti, portugali, saksa, hispaania ja itaalia keeles, n\u00e4iteks:\r\n<ul>\r\n \t<li>E-kursus QUALITAS kutse\u00f5petajatele ja -koolitajatele, kes toetavad v\u00e4\u00e4rtusloomet sotsiaal-, majandus- ja keskkonnavaldkonnas<\/li>\r\n \t<li>Avatud juurdep\u00e4\u00e4suga \u00f5ppe moodulid kutse\u00f5ppijatele<\/li>\r\n \t<li>QUALITAS e-juhend kutse\u00f5petajatele ja -koolitajatele v\u00e4\u00e4rtusloomest<\/li>\r\n<\/ul>\r\n\r\n\r\n<!-- \/wp:post-content --> <!-- wp:paragraph -->&nbsp;\r\n\r\n<!-- \/wp:paragraph -->","protected":false},"excerpt":{"rendered":"<p>QUALITAS projekt loob kutse\u00f5ppe avatud juurdep\u00e4\u00e4suga koolitusmaterjalid k\u00f5ikides projekti keeltes: inglise, eesti, portugali, saksa, hispaania ja itaalia keeles,<\/p>\n","protected":false},"author":1,"featured_media":0,"parent":0,"menu_order":0,"comment_status":"closed","ping_status":"closed","template":"","meta":{"footnotes":""},"class_list":["post-191","page","type-page","status-publish","hentry"],"_links":{"self":[{"href":"https:\/\/www.qualitycreation.eu\/et\/wp-json\/wp\/v2\/pages\/191","targetHints":{"allow":["GET"]}}],"collection":[{"href":"https:\/\/www.qualitycreation.eu\/et\/wp-json\/wp\/v2\/pages"}],"about":[{"href":"https:\/\/www.qualitycreation.eu\/et\/wp-json\/wp\/v2\/types\/page"}],"author":[{"embeddable":true,"href":"https:\/\/www.qualitycreation.eu\/et\/wp-json\/wp\/v2\/users\/1"}],"replies":[{"embeddable":true,"href":"https:\/\/www.qualitycreation.eu\/et\/wp-json\/wp\/v2\/comments?post=191"}],"version-history":[{"count":4,"href":"https:\/\/www.qualitycreation.eu\/et\/wp-json\/wp\/v2\/pages\/191\/revisions"}],"predecessor-version":[{"id":558,"href":"https:\/\/www.qualitycreation.eu\/et\/wp-json\/wp\/v2\/pages\/191\/revisions\/558"}],"wp:attachment":[{"href":"https:\/\/www.qualitycreation.eu\/et\/wp-json\/wp\/v2\/media?parent=191"}],"curies":[{"name":"wp","href":"https:\/\/api.w.org\/{rel}","templated":true}]}}