{"id":193,"date":"2024-12-02T18:05:11","date_gmt":"2024-12-02T17:05:11","guid":{"rendered":"https:\/\/www.qualitycreation.eu\/?page_id=193"},"modified":"2024-12-05T14:02:43","modified_gmt":"2024-12-05T13:02:43","slug":"training","status":"publish","type":"page","link":"https:\/\/www.qualitycreation.eu\/et\/training\/","title":{"rendered":"Koolitus"},"content":{"rendered":"\r\n<figure class=\"wp-block-image size-full\"><img loading=\"lazy\" decoding=\"async\" width=\"1024\" height=\"684\" class=\"wp-image-218\" src=\"https:\/\/www.qualitycreation.eu\/wp-content\/uploads\/2024\/12\/QUALITAS2.webp\" alt=\"\" srcset=\"https:\/\/www.qualitycreation.eu\/wp-content\/uploads\/2024\/12\/QUALITAS2.webp 1024w, https:\/\/www.qualitycreation.eu\/wp-content\/uploads\/2024\/12\/QUALITAS2-300x200.webp 300w, https:\/\/www.qualitycreation.eu\/wp-content\/uploads\/2024\/12\/QUALITAS2-768x513.webp 768w\" sizes=\"auto, (max-width: 1024px) 100vw, 1024px\" \/><\/figure>\r\n QUALITAS projekti peamine eesm\u00e4rk on edendada kutseharidus- ja koolituss\u00fcsteemis uuenduslikku l\u00e4henemisviisi v\u00e4\u00e4rtusloomest t\u00f6\u00f6 k\u00e4igus \u00f5ppimise meetodit kasutades, luues seega uue tugevama seose t\u00f6\u00f6maailmaga.\r\n\r\n &nbsp;\r\n\r\n","protected":false},"excerpt":{"rendered":"<p>QUALITAS projekti peamine eesm\u00e4rk on edendada kutseharidus- ja koolituss\u00fcsteemis uuenduslikku l\u00e4henemisviisi v\u00e4\u00e4rtusloomest t\u00f6\u00f6 k\u00e4igus \u00f5ppimise meetodit kasutades, luues<\/p>\n","protected":false},"author":1,"featured_media":0,"parent":0,"menu_order":0,"comment_status":"closed","ping_status":"closed","template":"","meta":{"footnotes":""},"class_list":["post-193","page","type-page","status-publish","hentry"],"_links":{"self":[{"href":"https:\/\/www.qualitycreation.eu\/et\/wp-json\/wp\/v2\/pages\/193","targetHints":{"allow":["GET"]}}],"collection":[{"href":"https:\/\/www.qualitycreation.eu\/et\/wp-json\/wp\/v2\/pages"}],"about":[{"href":"https:\/\/www.qualitycreation.eu\/et\/wp-json\/wp\/v2\/types\/page"}],"author":[{"embeddable":true,"href":"https:\/\/www.qualitycreation.eu\/et\/wp-json\/wp\/v2\/users\/1"}],"replies":[{"embeddable":true,"href":"https:\/\/www.qualitycreation.eu\/et\/wp-json\/wp\/v2\/comments?post=193"}],"version-history":[{"count":5,"href":"https:\/\/www.qualitycreation.eu\/et\/wp-json\/wp\/v2\/pages\/193\/revisions"}],"predecessor-version":[{"id":557,"href":"https:\/\/www.qualitycreation.eu\/et\/wp-json\/wp\/v2\/pages\/193\/revisions\/557"}],"wp:attachment":[{"href":"https:\/\/www.qualitycreation.eu\/et\/wp-json\/wp\/v2\/media?parent=193"}],"curies":[{"name":"wp","href":"https:\/\/api.w.org\/{rel}","templated":true}]}}