{"id":198,"date":"2024-12-02T18:09:17","date_gmt":"2024-12-02T17:09:17","guid":{"rendered":"https:\/\/www.qualitycreation.eu\/?page_id=198"},"modified":"2025-01-11T17:06:24","modified_gmt":"2025-01-11T16:06:24","slug":"about-us","status":"publish","type":"page","link":"https:\/\/www.qualitycreation.eu\/et\/about-us\/","title":{"rendered":"Tiim"},"content":{"rendered":"\r\n<figure class=\"wp-block-image size-large is-resized\"><img loading=\"lazy\" decoding=\"async\" width=\"948\" height=\"727\" src=\"https:\/\/www.qualitycreation.eu\/wp-content\/uploads\/2024\/12\/KuressaareAmetikool_w-e1733173269703.jpg\" alt=\"\" class=\"wp-image-221\" style=\"width:275px;height:auto\" srcset=\"https:\/\/www.qualitycreation.eu\/wp-content\/uploads\/2024\/12\/KuressaareAmetikool_w-e1733173269703.jpg 948w, https:\/\/www.qualitycreation.eu\/wp-content\/uploads\/2024\/12\/KuressaareAmetikool_w-e1733173269703-300x230.jpg 300w, https:\/\/www.qualitycreation.eu\/wp-content\/uploads\/2024\/12\/KuressaareAmetikool_w-e1733173269703-768x589.jpg 768w\" sizes=\"auto, (max-width: 948px) 100vw, 948px\" \/><\/figure>\r\n\r\n\r\n\r\n\r\n\r\nKuressaare Ametikool (KRTC) on piirkondlik kutsehariduskeskus, kus t\u00f6\u00f6tab 147 t\u00f6\u00f6tajat (sh 86 \u00f5petajat). KRTC pakub esmast kutse\u00f5pet ja t\u00e4iendkoolitust (EQF tase 3-5) ning ka \u00fcmber\u00f5pet 15 erinevas kutsevaldkonnas, millest suurimad on turism, toitlustus ja disain. P\u00f5hi- ja keskhariduse baasil \u00f5pib ca 800 \u00f5pilast, aga ka ca 1000 t\u00e4iskasvanud \u00f5pilast aasta jooksul erinevatel t\u00e4iskasvanute koolitustel. Pakume kursusi ka erivajadustega inimestele. KRTC-l on m\u00e4rkimisv\u00e4\u00e4rne kogemus koost\u00f6\u00f6s kohalike ettev\u00f5tete ja t\u00f6\u00f6turuametiga. \u00dcks KRTC \u00fclesandeid on koolitada praktikajuhendajaid ning hinnata ja tunnustada ettev\u00f5tteid enne \u00f5ppijate praktika korraldamist. KRTC rakendab kvaliteedijuhtimise p\u00f5him\u00f5tteid ja on osalenud Eesti kutse\u00f5ppeasutuste kvaliteediauhindade konkurssidel. Alates 2011. aastast on KRTC osalenud Eesti kutse\u00f5ppeasutuste kvaliteedi tagamise programmis, k\u00f5ik meie \u00f5ppekavar\u00fchmad on akrediteeritud. KRTC on Euroopa Hotelli- ja Turismikoolide Assotsiatsiooni (http:\/\/www.aeht.lu\/) liige. \r\n\r\n\r\n\r\n\r\n\r\n<a href=\"http:\/\/www.ametikool.ee\"><strong>www.ametikool.ee<\/strong><\/a>\r\n\r\n\r\n\r\n\r\n<figure class=\"wp-block-image size-large is-resized\"><img loading=\"lazy\" decoding=\"async\" width=\"1024\" height=\"330\" class=\"wp-image-222\" style=\"width: 464px; height: auto;\" src=\"https:\/\/www.qualitycreation.eu\/wp-content\/uploads\/2024\/12\/JA-Estonia-e1733172788131-1024x330.png\" alt=\"\" srcset=\"https:\/\/www.qualitycreation.eu\/wp-content\/uploads\/2024\/12\/JA-Estonia-e1733172788131-1024x330.png 1024w, https:\/\/www.qualitycreation.eu\/wp-content\/uploads\/2024\/12\/JA-Estonia-e1733172788131-300x97.png 300w, https:\/\/www.qualitycreation.eu\/wp-content\/uploads\/2024\/12\/JA-Estonia-e1733172788131-768x248.png 768w, https:\/\/www.qualitycreation.eu\/wp-content\/uploads\/2024\/12\/JA-Estonia-e1733172788131-1536x495.png 1536w, https:\/\/www.qualitycreation.eu\/wp-content\/uploads\/2024\/12\/JA-Estonia-e1733172788131-2048x660.png 2048w\" sizes=\"auto, (max-width: 1024px) 100vw, 1024px\" \/><\/figure>\r\n\r\n\r\n\r\n\r\nJunior Achievementi Eesti (JA Eesti) on mittetulundus\u00fching, mis alustas oma tegevust Eestis 1992. aastal, praegusel \u00f5iguslikul kujul 1994. aastal. JA Eesti on suurim ja tuntuim ettev\u00f5tlushariduse, finantskirjaoskuse ja t\u00f6\u00f6valmiduse programmide pakkuja 220 koolis Eestis, sealhulgas 10 kutsekoolis. JA Eestil on h\u00e4sti arenenud \u00fcldharidus- ja kutsekoolide v\u00f5rgustik \u00fcle Eesti, nii linnades kui ka v\u00e4ikestes maapiirkondades. JA Eesti t\u00f6\u00f6tab v\u00e4lja \u00f5ppeprogramme ja \u00f5ppematerjale, koolitab \u00f5petajaid ning korraldab \u00f5ppe- ja motivatsiooni\u00fcritusi nii \u00f5petajatele kui ka \u00f5pilastele, et toetada nende huvi JA programmide kasutamise vastu, aastas 14000 \u00f5pilast 220 erinevas koolis.\r\n\r\n\r\n\r\n\r\n\r\n<a href=\"www.ja.ee\"><strong>www.ja.ee<\/strong><\/a>\r\n\r\n\r\n\r\n\r\n<figure class=\"wp-block-image size-large is-resized\"><img loading=\"lazy\" decoding=\"async\" width=\"1024\" height=\"451\" class=\"wp-image-223\" style=\"width: 299px; height: auto;\" src=\"https:\/\/www.qualitycreation.eu\/wp-content\/uploads\/2024\/12\/Epralima_Projetos_sem-fundo-e1733172723655-1024x451.png\" alt=\"\" srcset=\"https:\/\/www.qualitycreation.eu\/wp-content\/uploads\/2024\/12\/Epralima_Projetos_sem-fundo-e1733172723655-1024x451.png 1024w, https:\/\/www.qualitycreation.eu\/wp-content\/uploads\/2024\/12\/Epralima_Projetos_sem-fundo-e1733172723655-300x132.png 300w, https:\/\/www.qualitycreation.eu\/wp-content\/uploads\/2024\/12\/Epralima_Projetos_sem-fundo-e1733172723655-768x338.png 768w, https:\/\/www.qualitycreation.eu\/wp-content\/uploads\/2024\/12\/Epralima_Projetos_sem-fundo-e1733172723655-1536x676.png 1536w, https:\/\/www.qualitycreation.eu\/wp-content\/uploads\/2024\/12\/Epralima_Projetos_sem-fundo-e1733172723655-2048x901.png 2048w\" sizes=\"auto, (max-width: 1024px) 100vw, 1024px\" \/><\/figure>\r\n\r\n\r\n\r\n\r\nEPRALIMA &#8211; Escola Profissional do Alto Lima loodi avaliku ja piiratud vastutusega \u00fchinguna ning see kuulub Arcos de Valdevezi omavalitsusele, Ponte da Barca omavalitsusele ning Arcos de Valdevezi ja Ponte da Barca kaubandus- ja t\u00f6\u00f6stusliidule ACIAB. EPRALIMA on mittetulunduslik era\u00f5iguslik haridus\u00fching, mille eesm\u00e4rk on lisada v\u00e4\u00e4rtust noorte ja t\u00e4iskasvanute koolitusele, pakkudes asjakohast kutseharidust ja -koolitust. EPRALIMA on oma tegevuses s\u00f5ltuv Haridusministeeriumist ja rahastatud riiklikest vahenditest ning p\u00f5hineb omavalitsustevahelisel arenguprojektil, millel on j\u00e4rgmised eesm\u00e4rgid: koolitada kohalikuks arenguks vajalikke t\u00f6\u00f6tajaid; aidata v\u00e4hendada koolist v\u00e4ljalangemist; seega aidata kaasa ka \u00fchiskonnale, mis keskendub isikule ja inimv\u00e4\u00e4rikusele kui p\u00f5hiv\u00e4\u00e4rtustele ning taaselustada v\u00f5rdsete v\u00f5imaluste v\u00e4\u00e4rtustel p\u00f5hinevat sotsiaalset keskkonda.\r\n\r\n\r\n\r\n\r\n\r\n\r\n<a href=\"http:\/\/www.epralima.com\/\"><strong>www.epralima.com<\/strong><\/a>\r\n\r\n\r\n\r\n\r\n<figure class=\"wp-block-image size-large is-resized\"><img loading=\"lazy\" decoding=\"async\" width=\"1024\" height=\"510\" class=\"wp-image-225\" style=\"width: 300px; height: auto;\" src=\"https:\/\/www.qualitycreation.eu\/wp-content\/uploads\/2024\/12\/brainplus-Logo-e1733172767625-1024x510.jpg\" alt=\"\" srcset=\"https:\/\/www.qualitycreation.eu\/wp-content\/uploads\/2024\/12\/brainplus-Logo-e1733172767625-1024x510.jpg 1024w, https:\/\/www.qualitycreation.eu\/wp-content\/uploads\/2024\/12\/brainplus-Logo-e1733172767625-300x149.jpg 300w, https:\/\/www.qualitycreation.eu\/wp-content\/uploads\/2024\/12\/brainplus-Logo-e1733172767625-768x382.jpg 768w, https:\/\/www.qualitycreation.eu\/wp-content\/uploads\/2024\/12\/brainplus-Logo-e1733172767625.jpg 1273w\" sizes=\"auto, (max-width: 1024px) 100vw, 1024px\" \/><\/figure>\r\n\r\n\r\n\r\n\r\nBrainplus GmbH on Austria ettev\u00f5te, mis tegutseb aktiivselt mitmes haridusvaldkonnas, nagu kutseharidus ja -koolitus, t\u00e4iskasvanute ja noorte haridus. Koolituste fookus on \u00fcsna lai ja enamasti vajadustele kohandatud sihtr\u00fchmast. Brainplusi peamisteks sihtr\u00fchmadeks on erinevate sotsiaalvaldkondade vaba\u00fchendused, noorsoot\u00f6\u00f6tajad ja puuetega inimeste koolitused. \u00dchendades k\u00f5ik teenused, p\u00e4devused ja oskused, on Brainplusist saanud Steiermargi\/Austria kohaliku ja piirkondliku koolitusmaastiku v\u00f5tmem\u00e4ngija ning tal on palju kontakte piirkondlike, riiklike ja Euroopa sidusr\u00fchmadega hariduse ja koolituse ning ettev\u00f5tluse arendamise valdkonnas. Brainplus on ka kolme rahvusvahelise kogu ELi h\u00f5lmava koolitusv\u00f5rgustiku (EURORESO, ENSIM ja ENTER) liige.\r\n\r\n\r\n\r\n\r\n\r\n<a href=\"http:\/\/www.brainplus.at\"><strong>www.brainplus.at<\/strong><\/a>\r\n\r\n\r\n\r\n\r\n<div class=\"wp-block-spacer\" style=\"height: 16px;\" aria-hidden=\"true\">&nbsp;<\/div>\r\n\r\n\r\n\r\n<figure class=\"wp-block-image size-large is-resized\"><img loading=\"lazy\" decoding=\"async\" width=\"1024\" height=\"385\" class=\"wp-image-226\" style=\"width: 257px; height: auto;\" src=\"https:\/\/www.qualitycreation.eu\/wp-content\/uploads\/2024\/12\/Logo-Camara-1-1024x385.jpg\" alt=\"\" srcset=\"https:\/\/www.qualitycreation.eu\/wp-content\/uploads\/2024\/12\/Logo-Camara-1-1024x385.jpg 1024w, https:\/\/www.qualitycreation.eu\/wp-content\/uploads\/2024\/12\/Logo-Camara-1-300x113.jpg 300w, https:\/\/www.qualitycreation.eu\/wp-content\/uploads\/2024\/12\/Logo-Camara-1-768x289.jpg 768w, https:\/\/www.qualitycreation.eu\/wp-content\/uploads\/2024\/12\/Logo-Camara-1-1536x578.jpg 1536w, https:\/\/www.qualitycreation.eu\/wp-content\/uploads\/2024\/12\/Logo-Camara-1-2048x770.jpg 2048w\" sizes=\"auto, (max-width: 1024px) 100vw, 1024px\" \/><\/figure>\r\n\r\n\r\n\r\n\r\nSevilla ametlik kaubandus-, t\u00f6\u00f6stus-, teenuste- ja laevanduskoda (CCSEV) on mittetulunduslik avalik-\u00f5iguslik korporatsioon, mis on \u00f5iguslilkult asutatud n\u00f5uandva organina, et teha koost\u00f6\u00f6d riigiasutustega, kellele ta esindab oma liikmesettev\u00f5tete \u00fcldisi huve (tegelikult umbes 110000 ettev\u00f5tet). CCSEV edendab ettev\u00f5tluse arengut, ettev\u00f5tlus, rahvusvahelistumine ja innovatsioon mitmete teenuste ja tegevuste kaudu. CCSEV t\u00f6\u00f6tab l\u00e4hedalt koost\u00f6\u00f6 andaluusia piirkondliku valitsusega t\u00f6\u00f6h\u00f5iveteenuste valdkonnas ning tal on lai koolitusprogramm, mis h\u00f5lmab erinevaid kursusi ettev\u00f5tjatele, spetsialistidele, t\u00f6\u00f6tajatele ja t\u00f6\u00f6tutele. Lisaks haldab Sevilla kaubanduskoda oma \u00e4rikooli, kutsehariduskeskust ja \u00fclikoolikeskust, mis asub Sevillas ja kus on rohkem kui 1,300 \u00f5pilast, kellele lisaks nende erinevate \u00f5ppekavade spetsiifilisele koolitusele oli nende koolitus varem suunatud \u00e4rimaailmale ja turule. \r\n\r\n\r\n\r\n\r\n\r\n<a href=\"http:\/\/www.camaradesevilla.com\"><strong>www.camaradesevilla.com<\/strong><\/a>\r\n\r\n\r\n\r\n\r\n<figure class=\"wp-block-image size-large is-resized\"><img loading=\"lazy\" decoding=\"async\" width=\"1024\" height=\"358\" class=\"wp-image-228\" style=\"width: 312px; height: auto;\" src=\"https:\/\/www.qualitycreation.eu\/wp-content\/uploads\/2024\/12\/logo-png-e1733172686223-1024x358.png\" alt=\"\" srcset=\"https:\/\/www.qualitycreation.eu\/wp-content\/uploads\/2024\/12\/logo-png-e1733172686223-1024x358.png 1024w, https:\/\/www.qualitycreation.eu\/wp-content\/uploads\/2024\/12\/logo-png-e1733172686223-300x105.png 300w, https:\/\/www.qualitycreation.eu\/wp-content\/uploads\/2024\/12\/logo-png-e1733172686223-768x268.png 768w, https:\/\/www.qualitycreation.eu\/wp-content\/uploads\/2024\/12\/logo-png-e1733172686223.png 1150w\" sizes=\"auto, (max-width: 1024px) 100vw, 1024px\" \/><\/figure>\r\n\r\n\r\n\r\n\r\nNapoli Federico II \u00fclikool oli esimene riiklikult rahastatud \u00fclikool Euroopas, mis asutati 1224. aastal Sitsiilia kuninga ja P\u00fcha Rooma keisri Friedrich II Hohenstaufeni keiserliku hartaga. T\u00e4nap\u00e4eval pakub \u00fclikool kursusi sisuliselt k\u00f5igil akadeemilistel erialadel, mille tulemuseks on sada viisk\u00fcmmend viis kraadi\u00f5ppe eriala. Uurimisasutused toetavad k\u00f5iki neid kursusi. \u00dcli\u00f5pilastele antakse v\u00f5imalus intellektuaalseks arenguks ning kutseoskuste omandamiseks. Praegune \u00fcli\u00f5pilaste arv l\u00e4heneb 90,000 3,121-le ja akadeemiline personal on 3,121. <br \/>Politoloogia osakond on \u00fcks Napoli Federico II \u00fclikooli uuest 26 osakonnast. Didaktika ja teadusuuringud on inspireeritud multidistsiplinaarsest l\u00e4henemisviisist, mis sobib sotsiaalsete k\u00fcsimuste laiema m\u00f5istmise saavutamiseks, et vastata kaasaegsetele v\u00e4ljakutsetele. Politoloogia osakonna kursused on funktsionaalsed, et omandada teadmisi, mis vastavad t\u00e4ielikult sotsiaalmajandusliku s\u00fcsteemi ja t\u00f6\u00f6turu arengule, suurendades kvalifitseeritud t\u00f6\u00f6v\u00f5imalusi. \r\n\r\n\r\n\r\n\r\n\r\n<a href=\"http:\/\/www.scienzepolitiche.unina.it\/\"><strong>www.scienzepolitiche.unina.it<\/strong><\/a>\r\n\r\n\r\n\r\n\r\n<div class=\"wp-block-spacer\" style=\"height: 16px;\" aria-hidden=\"true\">&nbsp;<\/div>\r\n\r\n\r\n\r\n<figure class=\"wp-block-image size-large is-resized\"><img loading=\"lazy\" decoding=\"async\" width=\"1024\" height=\"161\" class=\"wp-image-229\" style=\"width: 289px; height: auto;\" src=\"https:\/\/www.qualitycreation.eu\/wp-content\/uploads\/2024\/12\/JanusOcol-1024x161.png\" alt=\"\" srcset=\"https:\/\/www.qualitycreation.eu\/wp-content\/uploads\/2024\/12\/JanusOcol-1024x161.png 1024w, https:\/\/www.qualitycreation.eu\/wp-content\/uploads\/2024\/12\/JanusOcol-300x47.png 300w, https:\/\/www.qualitycreation.eu\/wp-content\/uploads\/2024\/12\/JanusOcol-768x121.png 768w, https:\/\/www.qualitycreation.eu\/wp-content\/uploads\/2024\/12\/JanusOcol-1536x242.png 1536w, https:\/\/www.qualitycreation.eu\/wp-content\/uploads\/2024\/12\/JanusOcol.png 2000w\" sizes=\"auto, (max-width: 1024px) 100vw, 1024px\" \/><\/figure>\r\n\r\n\r\n\r\n\r\nJANUS s.r.l. on Itaalia eraettev\u00f5te, mis loob ja arendab uuenduslikke tarkvararakendusi avaliku ja erasektori \u00fcksustele, kultuuri-, koolitus- ja haridusvaldkonnale ning ettev\u00f5tetele. JANUS tagab oma v\u00e4ljundite \u00fchilduvuse mistahes v\u00f5rguga (internet, sise- ja\/v\u00f5i ekstranet). Ettev\u00f5tte poolt pakutavad teenused h\u00f5lmavad ka graafilist disaini ja digitaalset\/multimeedia tootmist. K\u00f5iki JANUS teenuseid toetavad abitugiteenused, tehnilised juhendid ja koolitused. JANUSE edukate ltoodete hulgas on &#8220;AmaMusei&#8221; ja &#8220;Amacitt\u00e0&#8221;, mis koosnevad integreeritud platvormist ja rakendustest, mis p\u00f5hinevad BAC &#8211; Beacon Access Controlil. M\u00f5lemat toodet kasutavad laialdaselt paljud Itaalia muuseumid ja omavalitsused. \r\n\r\n\r\n\r\n\r\n\r\n<a href=\"http:\/\/www.janus.it\/\"><strong>www.janus.it<\/strong><\/a>\r\n\r\n\r\n\r\n","protected":false},"excerpt":{"rendered":"<p>Kuressaare Ametikool (KRTC) on piirkondlik kutsehariduskeskus, kus t\u00f6\u00f6tab 147 t\u00f6\u00f6tajat (sh 86 \u00f5petajat). KRTC pakub esmast kutse\u00f5pet ja<\/p>\n","protected":false},"author":1,"featured_media":0,"parent":0,"menu_order":0,"comment_status":"closed","ping_status":"closed","template":"","meta":{"footnotes":""},"class_list":["post-198","page","type-page","status-publish","hentry"],"_links":{"self":[{"href":"https:\/\/www.qualitycreation.eu\/et\/wp-json\/wp\/v2\/pages\/198","targetHints":{"allow":["GET"]}}],"collection":[{"href":"https:\/\/www.qualitycreation.eu\/et\/wp-json\/wp\/v2\/pages"}],"about":[{"href":"https:\/\/www.qualitycreation.eu\/et\/wp-json\/wp\/v2\/types\/page"}],"author":[{"embeddable":true,"href":"https:\/\/www.qualitycreation.eu\/et\/wp-json\/wp\/v2\/users\/1"}],"replies":[{"embeddable":true,"href":"https:\/\/www.qualitycreation.eu\/et\/wp-json\/wp\/v2\/comments?post=198"}],"version-history":[{"count":10,"href":"https:\/\/www.qualitycreation.eu\/et\/wp-json\/wp\/v2\/pages\/198\/revisions"}],"predecessor-version":[{"id":1422,"href":"https:\/\/www.qualitycreation.eu\/et\/wp-json\/wp\/v2\/pages\/198\/revisions\/1422"}],"wp:attachment":[{"href":"https:\/\/www.qualitycreation.eu\/et\/wp-json\/wp\/v2\/media?parent=198"}],"curies":[{"name":"wp","href":"https:\/\/api.w.org\/{rel}","templated":true}]}}