{"id":395,"date":"2024-12-03T14:49:03","date_gmt":"2024-12-03T13:49:03","guid":{"rendered":"https:\/\/www.qualitycreation.eu\/?page_id=395"},"modified":"2025-07-14T10:30:29","modified_gmt":"2025-07-14T08:30:29","slug":"nuova-home","status":"publish","type":"page","link":"https:\/\/www.qualitycreation.eu\/et\/","title":{"rendered":"Home"},"content":{"rendered":"\t\t<div data-elementor-type=\"wp-page\" data-elementor-id=\"395\" class=\"elementor elementor-395\">\n\t\t\t\t<div class=\"elementor-element elementor-element-29431129 e-con-full e-flex e-con e-parent\" data-id=\"29431129\" data-element_type=\"container\" data-settings=\"{&quot;background_background&quot;:&quot;classic&quot;}\">\n\t\t\t\t<div class=\"elementor-element elementor-element-c2dde08 elementor-widget elementor-widget-text-editor\" data-id=\"c2dde08\" data-element_type=\"widget\" data-widget_type=\"text-editor.default\">\n\t\t\t\t<div class=\"elementor-widget-container\">\n\t\t\t\t\t\t\t\t\t<p><span data-teams=\"true\">\n\t\t\t\t<p class=\"rs-p-wp-fix\"><\/p>\n\t\t\t\t<sr7-module data-alias=\"diamante-et\" data-id=\"3\" id=\"SR7_3_1\" class=\"rs-ov-hidden\" data-version=\"6.7.39\">\n\t\t\t\t\t<sr7-adjuster><\/sr7-adjuster>\n\t\t\t\t\t<sr7-content>\n\t\t\t\t\t\t<sr7-slide id=\"SR7_3_1-44\" data-key=\"44\">\n\t\t\t\t\t\t\t<sr7-txt id=\"SR7_3_1-44-0\" class=\"sr7-layer\">Mis on v\u00e4\u00e4rtus kutsehariduses<\/sr7-txt>\n\t\t\t\t\t\t\t<sr7-txt id=\"SR7_3_1-44-1\" class=\"sr7-layer\">ja -koolituses jaoks?<\/sr7-txt>\n\t\t\t\t\t\t<\/sr7-slide>\n\t\t\t\t\t\t<sr7-slide id=\"SR7_3_1-45\" data-key=\"45\">\n\t\t\t\t\t\t\t<sr7-txt id=\"SR7_3_1-45-3\" class=\"sr7-layer\">Mis on v\u00e4\u00e4rtusloome<\/sr7-txt>\n\t\t\t\t\t\t\t<sr7-txt id=\"SR7_3_1-45-12\" class=\"sr7-layer\">kutsehariduses ja -koolituses?<\/sr7-txt>\n\t\t\t\t\t\t<\/sr7-slide>\n\t\t\t\t\t\t<sr7-slide id=\"SR7_3_1-46\" data-key=\"46\">\n\t\t\t\t\t\t\t<sr7-txt id=\"SR7_3_1-46-13\" class=\"sr7-layer\">Miks saab v\u00e4\u00e4rtusloome  v\u00f5imestada kutsehariduse ja -koolituse programme?<\/sr7-txt>\n\t\t\t\t\t\t<\/sr7-slide>\n\t\t\t\t\t\t<sr7-slide id=\"SR7_3_1-72\" data-key=\"72\">\n\t\t\t\t\t\t<\/sr7-slide>\n\t\t\t\t\t<\/sr7-content>\n\t\t\t\t\t<image_lists style=\"display:none\">\n\t\t\t\t\t\t<img data-src=\"\/\/www.qualitycreation.eu\/wp-content\/uploads\/2024\/11\/diamante-pieno-1.png\" data-libid=\"8\" data-lib=\"medialibrary\" alt=\"diamante\" title=\"diamante-pieno-800\" width=\"0\" height=\"0\" data-dbsrc=\"Ly93d3cucXVhbGl0eWNyZWF0aW9uLmV1L3dwLWNvbnRlbnQvdXBsb2Fkcy8yMDI0LzExL2RpYW1hbnRlLXBpZW5vLTEucG5n\"\/>\n\t\t\t\t\t\t<img data-src=\"\/\/www.qualitycreation.eu\/wp-content\/uploads\/2024\/11\/Riflesso-1.png\" data-libid=\"10\" data-lib=\"medialibrary\" title=\"Riflesso-1\" width=\"0\" height=\"0\" data-dbsrc=\"Ly93d3cucXVhbGl0eWNyZWF0aW9uLmV1L3dwLWNvbnRlbnQvdXBsb2Fkcy8yMDI0LzExL1JpZmxlc3NvLTEucG5n\"\/>\n\t\t\t\t\t\t<img data-src=\"\/\/www.qualitycreation.eu\/wp-content\/uploads\/2024\/11\/DIAMANTE-logo.png\" data-libid=\"11\" data-lib=\"medialibrary\" alt=\"DIAMANTE-logo\" title=\"DIAMANTE-logo\" width=\"0\" height=\"0\" data-dbsrc=\"Ly93d3cucXVhbGl0eWNyZWF0aW9uLmV1L3dwLWNvbnRlbnQvdXBsb2Fkcy8yMDI0LzExL0RJQU1BTlRFLWxvZ28ucG5n\"\/>\n\t\t\t\t\t\t<img data-src=\"\/\/www.qualitycreation.eu\/wp-content\/uploads\/2024\/11\/Libro.png\" data-libid=\"13\" data-lib=\"medialibrary\" title=\"Libro\" width=\"0\" height=\"0\" data-dbsrc=\"Ly93d3cucXVhbGl0eWNyZWF0aW9uLmV1L3dwLWNvbnRlbnQvdXBsb2Fkcy8yMDI0LzExL0xpYnJvLnBuZw==\"\/>\n\t\t\t\t\t\t<img data-src=\"\/\/www.qualitycreation.eu\/wp-content\/uploads\/2024\/11\/Libro-1.png\" data-libid=\"19\" data-lib=\"medialibrary\" title=\"Libro-1\" width=\"0\" height=\"0\" data-dbsrc=\"Ly93d3cucXVhbGl0eWNyZWF0aW9uLmV1L3dwLWNvbnRlbnQvdXBsb2Fkcy8yMDI0LzExL0xpYnJvLTEucG5n\"\/>\n\t\t\t\t\t\t<img data-src=\"\/\/www.qualitycreation.eu\/wp-content\/uploads\/2024\/12\/No-Freccia.png\" data-libid=\"421\" data-lib=\"medialibrary\" title=\"No-Freccia\" width=\"0\" height=\"0\" data-dbsrc=\"Ly93d3cucXVhbGl0eWNyZWF0aW9uLmV1L3dwLWNvbnRlbnQvdXBsb2Fkcy8yMDI0LzEyL05vLUZyZWNjaWEucG5n\"\/>\n\t\t\t\t\t\t<img data-src=\"\/\/www.qualitycreation.eu\/wp-content\/uploads\/2024\/11\/Freccia.png\" data-libid=\"14\" data-lib=\"medialibrary\" title=\"Freccia\" width=\"0\" height=\"0\" data-dbsrc=\"Ly93d3cucXVhbGl0eWNyZWF0aW9uLmV1L3dwLWNvbnRlbnQvdXBsb2Fkcy8yMDI0LzExL0ZyZWNjaWEucG5n\"\/>\n\t\t\t\t\t\t<img data-src=\"\/\/www.qualitycreation.eu\/wp-content\/uploads\/2024\/12\/Lamp.png\" data-libid=\"397\" data-lib=\"medialibrary\" title=\"Lamp\" width=\"0\" height=\"0\" data-dbsrc=\"Ly93d3cucXVhbGl0eWNyZWF0aW9uLmV1L3dwLWNvbnRlbnQvdXBsb2Fkcy8yMDI0LzEyL0xhbXAucG5n\"\/>\n\t\t\t\t\t\t<img data-src=\"\/\/www.qualitycreation.eu\/wp-content\/uploads\/2024\/12\/Albero.png\" data-libid=\"408\" data-lib=\"medialibrary\" title=\"Albero\" width=\"0\" height=\"0\" data-dbsrc=\"Ly93d3cucXVhbGl0eWNyZWF0aW9uLmV1L3dwLWNvbnRlbnQvdXBsb2Fkcy8yMDI0LzEyL0FsYmVyby5wbmc=\"\/>\n\t\t\t\t\t<\/image_lists>\n\t\t\t\t<\/sr7-module>\n\t\t\t\t<script>\n\t\t\t\t\tSR7.PMH ??={}; SR7.PMH[\"SR7_3_1\"] = {cn:100,state:false,fn: function() { if (_tpt!==undefined && _tpt.prepareModuleHeight !== undefined) {  _tpt.prepareModuleHeight({id:\"SR7_3_1\",el:[700,700,768,960,600],type:'standard',shdw:'0',gh:[700,700,768,960,600],gw:[1240,1240,1024,778,300],vpt:['-100px&#039;,&#039;-100px&#039;,&#039;-100px&#039;,&#039;-100px&#039;,&#039;-100px'],size:{fullWidth:true, fullHeight:false},mh:'0',onh:0,onw:0,bg:{color:'{\"type\":\"solid\",\"orig\":\"#91abc4\",\"string\":\"rgba(145, 171, 196, 1)\"}'},plType:'2',plColor:'#FFFFFF'});   SR7.PMH[\"SR7_3_1\"].state=true;} else if(SR7.PMH[\"SR7_3_1\"].cn-->0)\tsetTimeout( SR7.PMH[\"SR7_3_1\"].fn,19);}};SR7.PMH[\"SR7_3_1\" ].fn();\n\t\t\t\t<\/script>\n<\/span><\/p>\t\t\t\t\t\t\t\t<\/div>\n\t\t\t\t<\/div>\n\t\t\t\t<\/div>\n\t\t<div class=\"elementor-element elementor-element-7895431f e-con-full e-flex e-con e-parent\" data-id=\"7895431f\" data-element_type=\"container\" data-settings=\"{&quot;background_background&quot;:&quot;classic&quot;}\">\n\t\t<div class=\"elementor-element elementor-element-456ae50 e-con-full e-grid e-con e-child\" data-id=\"456ae50\" data-element_type=\"container\">\n\t\t<div class=\"elementor-element elementor-element-49d528ac e-con-full e-flex e-con e-child\" data-id=\"49d528ac\" data-element_type=\"container\">\n\t\t\t\t<div class=\"elementor-element elementor-element-48824f3 elementor-widget elementor-widget-heading\" data-id=\"48824f3\" data-element_type=\"widget\" data-widget_type=\"heading.default\">\n\t\t\t\t<div class=\"elementor-widget-container\">\n\t\t\t\t\t<h2 class=\"elementor-heading-title elementor-size-default\">QUALITASe ambitsioon<\/h2>\t\t\t\t<\/div>\n\t\t\t\t<\/div>\n\t\t\t\t<div class=\"elementor-element elementor-element-39db9ff elementor-widget elementor-widget-text-editor\" data-id=\"39db9ff\" data-element_type=\"widget\" data-widget_type=\"text-editor.default\">\n\t\t\t\t<div class=\"elementor-widget-container\">\n\t\t\t\t\t\t\t\t\t<p><img loading=\"lazy\" decoding=\"async\" src=\"https:\/\/www.qualitycreation.eu\/wp-content\/uploads\/2024\/11\/Libro-300x110.png\" alt=\"\" width=\"300\" height=\"110\" \/><\/p><p>QUALITASe ambitsioon on aidata kaasa riiklike kutseharidus- ja -koolituss\u00fcsteemide t\u00e4iustamisele projektiriikides Eestis, Portugalis,<br \/>Austrias, Hispaanias ja Itaalias,<br \/>v\u00f5ttes kutsehariduses ja -koolituses uuenduslikult kasutusele \u00e4rimaailma v\u00e4\u00e4rtuspakkumise p\u00f5him\u00f5tte valitud<br \/>sotsiaal-, majandus- ja keskkonnavaldkondades.<\/p>\t\t\t\t\t\t\t\t<\/div>\n\t\t\t\t<\/div>\n\t\t\t\t<\/div>\n\t\t<div class=\"elementor-element elementor-element-7f671650 e-con-full e-flex e-con e-child\" data-id=\"7f671650\" data-element_type=\"container\">\n\t\t\t\t<div class=\"elementor-element elementor-element-54fc67f elementor-widget elementor-widget-heading\" data-id=\"54fc67f\" data-element_type=\"widget\" data-widget_type=\"heading.default\">\n\t\t\t\t<div class=\"elementor-widget-container\">\n\t\t\t\t\t<h2 class=\"elementor-heading-title elementor-size-default\">QUALITASe eesm\u00e4rk<\/h2>\t\t\t\t<\/div>\n\t\t\t\t<\/div>\n\t\t\t\t<div class=\"elementor-element elementor-element-2af2cf3 elementor-widget elementor-widget-text-editor\" data-id=\"2af2cf3\" data-element_type=\"widget\" data-widget_type=\"text-editor.default\">\n\t\t\t\t<div class=\"elementor-widget-container\">\n\t\t\t\t\t\t\t\t\t<img loading=\"lazy\" decoding=\"async\" src=\"https:\/\/www.qualitycreation.eu\/wp-content\/uploads\/2024\/11\/Libro-300x110.png\" alt=\"\" width=\"300\" height=\"110\" \/>\n<br \/><br \/>\n<em>&#8220;Igasugune inimtegevus, mille k\u00e4igus kasutatakse ressursse, kuid ei looda v\u00e4\u00e4rtust, on raiskamine&#8221;<\/em><br \/>J.P. Womak &amp; D.T. Jones, Lean Thinking\n<br \/><br \/>\nQUALITASe p\u00f5hieesm\u00e4rk on toetada kutseharidust ja -koolitust v\u00e4\u00e4rtusloome\n\u00e4rilise l\u00e4henemisviisi kasutamisel,\net\nedendada v\u00e4\u00e4rtusloomet kutsehariduses\nja -koolituses, luues seel\u00e4bi uue suhte t\u00f6\u00f6maailmaga.\t\t\t\t\t\t\t\t<\/div>\n\t\t\t\t<\/div>\n\t\t\t\t<\/div>\n\t\t<div class=\"elementor-element elementor-element-6013422b e-con-full e-flex e-con e-child\" data-id=\"6013422b\" data-element_type=\"container\">\n\t\t\t\t<div class=\"elementor-element elementor-element-792cf16 elementor-widget elementor-widget-heading\" data-id=\"792cf16\" data-element_type=\"widget\" data-widget_type=\"heading.default\">\n\t\t\t\t<div class=\"elementor-widget-container\">\n\t\t\t\t\t<h2 class=\"elementor-heading-title elementor-size-default\">QUALITASe p\u00f5hitulemused<\/h2>\t\t\t\t<\/div>\n\t\t\t\t<\/div>\n\t\t\t\t<div class=\"elementor-element elementor-element-d75d521 elementor-widget elementor-widget-text-editor\" data-id=\"d75d521\" data-element_type=\"widget\" data-widget_type=\"text-editor.default\">\n\t\t\t\t<div class=\"elementor-widget-container\">\n\t\t\t\t\t\t\t\t\t<img loading=\"lazy\" decoding=\"async\" src=\"https:\/\/www.qualitycreation.eu\/wp-content\/uploads\/2024\/11\/Libro-300x110.png\" alt=\"\" width=\"300\" height=\"110\" \/>\n<br \/><br \/>\n\u2013 E-kursus kutse\u00f5petajatele ja -koolitajatele, toetamaks v\u00e4\u00e4rtuse loomist sotsiaalses ja majanduslikus t\u00e4henduses<br \/>\n\u2013 \u00d5ppemoodulid kutse\u00f5ppijatele<br \/>\n\u2013 Konsulteerimine kutse\u00f5petajate ja ekspertidega<br \/>\n\u2013 Tulemuste piloteerimine<br \/>\n\u2013 V\u00e4\u00e4rtusloome e-juhend kutse\u00f5petajatele ja -koolitajatele<br \/>\t\t\t\t\t\t\t\t<\/div>\n\t\t\t\t<\/div>\n\t\t\t\t<\/div>\n\t\t\t\t<\/div>\n\t\t\t\t<\/div>\n\t\t<div class=\"elementor-element elementor-element-47586203 e-flex e-con-boxed e-con e-parent\" data-id=\"47586203\" data-element_type=\"container\" data-settings=\"{&quot;background_background&quot;:&quot;classic&quot;}\">\n\t\t\t\t\t<div class=\"e-con-inner\">\n\t\t\t\t<div class=\"elementor-element elementor-element-351aa255 elementor-widget elementor-widget-spacer\" data-id=\"351aa255\" data-element_type=\"widget\" data-widget_type=\"spacer.default\">\n\t\t\t\t<div class=\"elementor-widget-container\">\n\t\t\t\t\t\t\t<div class=\"elementor-spacer\">\n\t\t\t<div class=\"elementor-spacer-inner\"><\/div>\n\t\t<\/div>\n\t\t\t\t\t\t<\/div>\n\t\t\t\t<\/div>\n\t\t\t\t\t<\/div>\n\t\t\t\t<\/div>\n\t\t<div class=\"elementor-element elementor-element-6c151a2 e-flex e-con-boxed e-con e-parent\" data-id=\"6c151a2\" data-element_type=\"container\">\n\t\t\t\t\t<div class=\"e-con-inner\">\n\t\t\t\t<div class=\"elementor-element elementor-element-aa09c93 elementor-grid-eael-col-3 elementor-grid-tablet-eael-col-2 elementor-grid-mobile-eael-col-1 elementor-widget elementor-widget-eael-post-grid\" data-id=\"aa09c93\" data-element_type=\"widget\" data-settings=\"{&quot;eael_post_grid_columns&quot;:&quot;eael-col-3&quot;,&quot;eael_post_grid_columns_tablet&quot;:&quot;eael-col-2&quot;,&quot;eael_post_grid_columns_mobile&quot;:&quot;eael-col-1&quot;}\" data-widget_type=\"eael-post-grid.default\">\n\t\t\t\t<div class=\"elementor-widget-container\">\n\t\t\t\t\t<div id=\"eael-post-grid-aa09c93\" class=\"eael-post-grid-container\">\n            <div class=\"eael-post-grid eael-post-appender eael-post-appender-aa09c93 eael-post-grid-style-one\" data-layout-mode=\"grid\"><article class=\"eael-grid-post eael-post-grid-column\" data-id=\"1663\">\n        <div class=\"eael-grid-post-holder\">\n            <div class=\"eael-grid-post-holder-inner\"><div class=\"eael-entry-media\"><div class=\"eael-entry-overlay fade-in\"><i class=\"fas fa-long-arrow-alt-right\" aria-hidden=\"true\"><\/i><a href=\"https:\/\/www.qualitycreation.eu\/et\/materials-for-teachers-supporting-the-use-of-the-modules-for-students\/\"><\/a><\/div><div class=\"eael-entry-thumbnail eael-image-ratio\">\n                <img loading=\"lazy\" decoding=\"async\" width=\"640\" height=\"323\" src=\"https:\/\/www.qualitycreation.eu\/wp-content\/uploads\/2025\/12\/Supporting-material-crop-768x388.png\" class=\"attachment-medium_large size-medium_large wp-image-1702\" alt=\"Supporting material crop\" srcset=\"https:\/\/www.qualitycreation.eu\/wp-content\/uploads\/2025\/12\/Supporting-material-crop-768x388.png 768w, https:\/\/www.qualitycreation.eu\/wp-content\/uploads\/2025\/12\/Supporting-material-crop-300x151.png 300w, https:\/\/www.qualitycreation.eu\/wp-content\/uploads\/2025\/12\/Supporting-material-crop-1024x517.png 1024w, https:\/\/www.qualitycreation.eu\/wp-content\/uploads\/2025\/12\/Supporting-material-crop-1536x775.png 1536w, https:\/\/www.qualitycreation.eu\/wp-content\/uploads\/2025\/12\/Supporting-material-crop-2048x1034.png 2048w\" sizes=\"auto, (max-width: 640px) 100vw, 640px\" \/>\n            <\/div>\n        <\/div><div class=\"eael-entry-wrapper\"><header class=\"eael-entry-header\"><h2 class=\"eael-entry-title\"><a class=\"eael-grid-post-link\" href=\"https:\/\/www.qualitycreation.eu\/et\/materials-for-teachers-supporting-the-use-of-the-modules-for-students\/\" title=\"Materials for teachers\/trainers supporting the use of the modules for students\">Materials for teachers\/trainers supporting the use of the modules for students<\/a><\/h2><\/header><div class=\"eael-entry-content\">\n                        <div class=\"eael-grid-post-excerpt\"><p>To support any teacher or trainer interested to make use of the \"QUALITAS modules for VET students\" in own education...<\/p><\/div>\n                    <\/div><\/div><\/div>\n        <\/div>\n    <\/article><article class=\"eael-grid-post eael-post-grid-column\" data-id=\"1653\">\n        <div class=\"eael-grid-post-holder\">\n            <div class=\"eael-grid-post-holder-inner\"><div class=\"eael-entry-media\"><div class=\"eael-entry-overlay fade-in\"><i class=\"fas fa-long-arrow-alt-right\" aria-hidden=\"true\"><\/i><a href=\"https:\/\/www.qualitycreation.eu\/et\/how-to-use-the-qualitas-learning-modules-for-vet-students\/\"><\/a><\/div><div class=\"eael-entry-thumbnail eael-image-ratio\">\n                <img loading=\"lazy\" decoding=\"async\" width=\"640\" height=\"410\" src=\"https:\/\/www.qualitycreation.eu\/wp-content\/uploads\/2025\/12\/Logo_pesce-768x492.png\" class=\"attachment-medium_large size-medium_large wp-image-1657\" alt=\"Logo_pesce\" srcset=\"https:\/\/www.qualitycreation.eu\/wp-content\/uploads\/2025\/12\/Logo_pesce-768x492.png 768w, https:\/\/www.qualitycreation.eu\/wp-content\/uploads\/2025\/12\/Logo_pesce-300x192.png 300w, https:\/\/www.qualitycreation.eu\/wp-content\/uploads\/2025\/12\/Logo_pesce-1024x656.png 1024w, https:\/\/www.qualitycreation.eu\/wp-content\/uploads\/2025\/12\/Logo_pesce-1536x985.png 1536w, https:\/\/www.qualitycreation.eu\/wp-content\/uploads\/2025\/12\/Logo_pesce.png 1741w\" sizes=\"auto, (max-width: 640px) 100vw, 640px\" \/>\n            <\/div>\n        <\/div><div class=\"eael-entry-wrapper\"><header class=\"eael-entry-header\"><h2 class=\"eael-entry-title\"><a class=\"eael-grid-post-link\" href=\"https:\/\/www.qualitycreation.eu\/et\/how-to-use-the-qualitas-learning-modules-for-vet-students\/\" title=\"Kuidas veebikursust kasutada\">Kuidas veebikursust kasutada<\/a><\/h2><\/header><div class=\"eael-entry-content\">\n                        <div class=\"eael-grid-post-excerpt\"><p>Kuidas kasutada tasuta veebikursus \"QUALITAS \u00f5ppemoodulid kutse\u00f5ppuritele\", inglise, eesti, portugali, saksa, hispaania ja itaalia keeles<\/p><\/div>\n                    <\/div><\/div><\/div>\n        <\/div>\n    <\/article><article class=\"eael-grid-post eael-post-grid-column\" data-id=\"1681\">\n        <div class=\"eael-grid-post-holder\">\n            <div class=\"eael-grid-post-holder-inner\"><div class=\"eael-entry-media\"><div class=\"eael-entry-overlay fade-in\"><i class=\"fas fa-long-arrow-alt-right\" aria-hidden=\"true\"><\/i><a href=\"https:\/\/www.qualitycreation.eu\/et\/second-meeting-of-the-qualitas-team-in-seville\/\"><\/a><\/div><div class=\"eael-entry-thumbnail eael-image-ratio\">\n                <img loading=\"lazy\" decoding=\"async\" width=\"640\" height=\"410\" src=\"https:\/\/www.qualitycreation.eu\/wp-content\/uploads\/2025\/11\/IMG-20251022-WA0008-e1766100750223-768x492.jpg\" class=\"attachment-medium_large size-medium_large wp-image-1690\" alt=\"IMG-20251022-WA0008\" srcset=\"https:\/\/www.qualitycreation.eu\/wp-content\/uploads\/2025\/11\/IMG-20251022-WA0008-e1766100750223-768x492.jpg 768w, https:\/\/www.qualitycreation.eu\/wp-content\/uploads\/2025\/11\/IMG-20251022-WA0008-e1766100750223-300x192.jpg 300w, https:\/\/www.qualitycreation.eu\/wp-content\/uploads\/2025\/11\/IMG-20251022-WA0008-e1766100750223-1024x656.jpg 1024w, https:\/\/www.qualitycreation.eu\/wp-content\/uploads\/2025\/11\/IMG-20251022-WA0008-e1766100750223.jpg 1304w\" sizes=\"auto, (max-width: 640px) 100vw, 640px\" \/>\n            <\/div>\n        <\/div><div class=\"eael-entry-wrapper\"><header class=\"eael-entry-header\"><h2 class=\"eael-entry-title\"><a class=\"eael-grid-post-link\" href=\"https:\/\/www.qualitycreation.eu\/et\/second-meeting-of-the-qualitas-team-in-seville\/\" title=\"Second meeting of the QUALITAS team in Seville\">Second meeting of the QUALITAS team in Seville<\/a><\/h2><\/header><div class=\"eael-entry-content\">\n                        <div class=\"eael-grid-post-excerpt\"><p>The QUALITAS team met in person in Seville in the period 21-22 October 2025 to participate in the second Transational...<\/p><\/div>\n                    <\/div><\/div><\/div>\n        <\/div>\n    <\/article><article class=\"eael-grid-post eael-post-grid-column\" data-id=\"1621\">\n        <div class=\"eael-grid-post-holder\">\n            <div class=\"eael-grid-post-holder-inner\"><div class=\"eael-entry-media\"><div class=\"eael-entry-overlay fade-in\"><i class=\"fas fa-long-arrow-alt-right\" aria-hidden=\"true\"><\/i><a href=\"https:\/\/www.qualitycreation.eu\/et\/qualitas-koolituse-osalejate-hinnangud\/\"><\/a><\/div><div class=\"eael-entry-thumbnail eael-image-ratio\">\n                <img loading=\"lazy\" decoding=\"async\" width=\"640\" height=\"329\" src=\"https:\/\/www.qualitycreation.eu\/wp-content\/uploads\/2025\/06\/96AF5CAE-9153-4885-9E4E-2E958943A245_1_105_c-e1753764321433-768x395.jpeg\" class=\"attachment-medium_large size-medium_large wp-image-1628\" alt=\"Teachers evaluation\" srcset=\"https:\/\/www.qualitycreation.eu\/wp-content\/uploads\/2025\/06\/96AF5CAE-9153-4885-9E4E-2E958943A245_1_105_c-e1753764321433-768x395.jpeg 768w, https:\/\/www.qualitycreation.eu\/wp-content\/uploads\/2025\/06\/96AF5CAE-9153-4885-9E4E-2E958943A245_1_105_c-e1753764321433-300x154.jpeg 300w, https:\/\/www.qualitycreation.eu\/wp-content\/uploads\/2025\/06\/96AF5CAE-9153-4885-9E4E-2E958943A245_1_105_c-e1753764321433.jpeg 1024w\" sizes=\"auto, (max-width: 640px) 100vw, 640px\" \/>\n            <\/div>\n        <\/div><div class=\"eael-entry-wrapper\"><header class=\"eael-entry-header\"><h2 class=\"eael-entry-title\"><a class=\"eael-grid-post-link\" href=\"https:\/\/www.qualitycreation.eu\/et\/qualitas-koolituse-osalejate-hinnangud\/\" title=\"QUALITAS \u00f5petajate koolituse hindamine\">QUALITAS \u00f5petajate koolituse hindamine<\/a><\/h2><\/header><div class=\"eael-entry-content\">\n                        <div class=\"eael-grid-post-excerpt\"><p>QUALITAS \u00f5petajate koolitusel osalejad andsid asjakohast tagasisidet QUALITAS e-kursuse kohta.<\/p><\/div>\n                    <\/div><\/div><\/div>\n        <\/div>\n    <\/article><article class=\"eael-grid-post eael-post-grid-column\" data-id=\"1638\">\n        <div class=\"eael-grid-post-holder\">\n            <div class=\"eael-grid-post-holder-inner\"><div class=\"eael-entry-media\"><div class=\"eael-entry-overlay fade-in\"><i class=\"fas fa-long-arrow-alt-right\" aria-hidden=\"true\"><\/i><a href=\"https:\/\/www.qualitycreation.eu\/et\/vet-teachers-participation-in-the-qualitas-training\/\"><\/a><\/div><div class=\"eael-entry-thumbnail eael-image-ratio\">\n                <img loading=\"lazy\" decoding=\"async\" width=\"640\" height=\"378\" src=\"https:\/\/www.qualitycreation.eu\/wp-content\/uploads\/2025\/06\/Picture_Austria-scaled-e1753764677560-768x454.jpg\" class=\"attachment-medium_large size-medium_large wp-image-1635\" alt=\"Picture_Austria\" srcset=\"https:\/\/www.qualitycreation.eu\/wp-content\/uploads\/2025\/06\/Picture_Austria-scaled-e1753764677560-768x454.jpg 768w, https:\/\/www.qualitycreation.eu\/wp-content\/uploads\/2025\/06\/Picture_Austria-scaled-e1753764677560-300x177.jpg 300w, https:\/\/www.qualitycreation.eu\/wp-content\/uploads\/2025\/06\/Picture_Austria-scaled-e1753764677560-1024x605.jpg 1024w, https:\/\/www.qualitycreation.eu\/wp-content\/uploads\/2025\/06\/Picture_Austria-scaled-e1753764677560-1536x908.jpg 1536w, https:\/\/www.qualitycreation.eu\/wp-content\/uploads\/2025\/06\/Picture_Austria-scaled-e1753764677560-2048x1211.jpg 2048w\" sizes=\"auto, (max-width: 640px) 100vw, 640px\" \/>\n            <\/div>\n        <\/div><div class=\"eael-entry-wrapper\"><header class=\"eael-entry-header\"><h2 class=\"eael-entry-title\"><a class=\"eael-grid-post-link\" href=\"https:\/\/www.qualitycreation.eu\/et\/vet-teachers-participation-in-the-qualitas-training\/\" title=\"QUALITAS koolitused kutse\u00f5petajatele ja -koolitajatele\">QUALITAS koolitused kutse\u00f5petajatele ja -koolitajatele<\/a><\/h2><\/header><div class=\"eael-entry-content\">\n                        <div class=\"eael-grid-post-excerpt\"><p>Projekti partnerriikides korraldati sissejuhatavad koolituss\u00fcndmused, et tutvustada kutse\u00f5petajatele QUALITAS-e koolitust.<\/p><\/div>\n                    <\/div><\/div><\/div>\n        <\/div>\n    <\/article><article class=\"eael-grid-post eael-post-grid-column\" data-id=\"1597\">\n        <div class=\"eael-grid-post-holder\">\n            <div class=\"eael-grid-post-holder-inner\"><div class=\"eael-entry-media\"><div class=\"eael-entry-overlay fade-in\"><i class=\"fas fa-long-arrow-alt-right\" aria-hidden=\"true\"><\/i><a href=\"https:\/\/www.qualitycreation.eu\/et\/the-qualitas-framework\/\"><\/a><\/div><div class=\"eael-entry-thumbnail eael-image-ratio\">\n                <img loading=\"lazy\" decoding=\"async\" width=\"640\" height=\"293\" src=\"https:\/\/www.qualitycreation.eu\/wp-content\/uploads\/2025\/04\/FRAMEWORK-768x351.png\" class=\"attachment-medium_large size-medium_large wp-image-1602\" alt=\"FRAMEWORK\" srcset=\"https:\/\/www.qualitycreation.eu\/wp-content\/uploads\/2025\/04\/FRAMEWORK-768x351.png 768w, https:\/\/www.qualitycreation.eu\/wp-content\/uploads\/2025\/04\/FRAMEWORK-300x137.png 300w, https:\/\/www.qualitycreation.eu\/wp-content\/uploads\/2025\/04\/FRAMEWORK-1024x468.png 1024w, https:\/\/www.qualitycreation.eu\/wp-content\/uploads\/2025\/04\/FRAMEWORK-1536x701.png 1536w, https:\/\/www.qualitycreation.eu\/wp-content\/uploads\/2025\/04\/FRAMEWORK.png 1800w\" sizes=\"auto, (max-width: 640px) 100vw, 640px\" \/>\n            <\/div>\n        <\/div><div class=\"eael-entry-wrapper\"><header class=\"eael-entry-header\"><h2 class=\"eael-entry-title\"><a class=\"eael-grid-post-link\" href=\"https:\/\/www.qualitycreation.eu\/et\/the-qualitas-framework\/\" title=\"QUALITAS raamistik\">QUALITAS raamistik<\/a><\/h2><\/header><div class=\"eael-entry-content\">\n                        <div class=\"eael-grid-post-excerpt\"><p>QUALITAS v\u00e4\u00e4rtusloome kontseptsioon ja raamistik seab eesm\u00e4rgiks Euroopa kutsehariduss\u00fcsteemi s\u00e4ilen\u00f5tkuse, j\u00e4tkusuutlikkuse ja m\u00f5ju suurendamise<\/p><\/div>\n                    <\/div><\/div><\/div>\n        <\/div>\n    <\/article><\/div>\n            <div class=\"clearfix\"><\/div>\n        <\/div>            <div class=\"eael-load-more-button-wrap eael-force-hide\">\n                <button class=\"eael-load-more-button\" id=\"eael-load-more-btn-aa09c93\" data-widget-id=\"aa09c93\" data-widget=\"aa09c93\" data-page-id=\"395\" data-template=\"{&quot;dir&quot;:&quot;lite&quot;,&quot;file_name&quot;:&quot;one.php&quot;,&quot;name&quot;:&quot;Post-Grid&quot;}\" data-class=\"Essential_Addons_Elementor\\Elements\\Post_Grid\" data-layout=\"grid\" data-page=\"1\" data-args=\"orderby=date&amp;order=desc&amp;ignore_sticky_posts=1&amp;post_status=publish&amp;posts_per_page=6&amp;offset=0&amp;post_type=post&amp;tax_query%5B0%5D%5Btaxonomy%5D=category&amp;tax_query%5B0%5D%5Bfield%5D=term_id&amp;tax_query%5B0%5D%5Bterms%5D%5B0%5D=16&amp;tax_query%5Brelation%5D=AND\" data-max-page=\"3\">\n                    <span class=\"eael-btn-loader button__loader\"><\/span>\n                    <span class=\"eael_load_more_text\">Load More<\/span>\n                <\/button>\n            <\/div>\n            \t\t\t\t<\/div>\n\t\t\t\t<\/div>\n\t\t\t\t\t<\/div>\n\t\t\t\t<\/div>\n\t\t<div class=\"elementor-element elementor-element-2abaeabe e-flex e-con-boxed e-con e-parent\" data-id=\"2abaeabe\" data-element_type=\"container\">\n\t\t\t\t\t<div class=\"e-con-inner\">\n\t\t\t\t\t<\/div>\n\t\t\t\t<\/div>\n\t\t<div class=\"elementor-element elementor-element-fdece9d e-flex e-con-boxed e-con e-parent\" data-id=\"fdece9d\" data-element_type=\"container\">\n\t\t\t\t\t<div class=\"e-con-inner\">\n\t\t\t\t\t<\/div>\n\t\t\t\t<\/div>\n\t\t\t\t<\/div>\n\t\t","protected":false},"excerpt":{"rendered":"<p>QUALITAS v\u00e4\u00e4rtusloome kontseptsioon ja raamistik seab eesm\u00e4rgiks Euroopa kutsehariduss\u00fcsteemi s\u00e4ilen\u00f5tkuse, j\u00e4tkusuutlikkuse ja m\u00f5ju suurendamise. See v\u00f5imaldab \u00f5ppijatele oskused,<\/p>\n","protected":false},"author":1,"featured_media":0,"parent":0,"menu_order":0,"comment_status":"closed","ping_status":"closed","template":"page-templates\/full-width.php","meta":{"footnotes":""},"class_list":["post-395","page","type-page","status-publish","hentry"],"_links":{"self":[{"href":"https:\/\/www.qualitycreation.eu\/et\/wp-json\/wp\/v2\/pages\/395","targetHints":{"allow":["GET"]}}],"collection":[{"href":"https:\/\/www.qualitycreation.eu\/et\/wp-json\/wp\/v2\/pages"}],"about":[{"href":"https:\/\/www.qualitycreation.eu\/et\/wp-json\/wp\/v2\/types\/page"}],"author":[{"embeddable":true,"href":"https:\/\/www.qualitycreation.eu\/et\/wp-json\/wp\/v2\/users\/1"}],"replies":[{"embeddable":true,"href":"https:\/\/www.qualitycreation.eu\/et\/wp-json\/wp\/v2\/comments?post=395"}],"version-history":[{"count":651,"href":"https:\/\/www.qualitycreation.eu\/et\/wp-json\/wp\/v2\/pages\/395\/revisions"}],"predecessor-version":[{"id":1619,"href":"https:\/\/www.qualitycreation.eu\/et\/wp-json\/wp\/v2\/pages\/395\/revisions\/1619"}],"wp:attachment":[{"href":"https:\/\/www.qualitycreation.eu\/et\/wp-json\/wp\/v2\/media?parent=395"}],"curies":[{"name":"wp","href":"https:\/\/api.w.org\/{rel}","templated":true}]}}