{"id":425,"date":"2024-12-03T15:30:13","date_gmt":"2024-12-03T14:30:13","guid":{"rendered":"https:\/\/www.qualitycreation.eu\/?page_id=425"},"modified":"2025-01-10T09:16:36","modified_gmt":"2025-01-10T08:16:36","slug":"qualitas","status":"publish","type":"page","link":"https:\/\/www.qualitycreation.eu\/et\/qualitas\/","title":{"rendered":"QUALITAS kontseptsioon "},"content":{"rendered":"\r\n<div class=\"wp-block-media-text is-stacked-on-mobile\" style=\"grid-template-columns: 67% auto;\">\r\n<figure class=\"wp-block-media-text__media\"><img loading=\"lazy\" decoding=\"async\" width=\"917\" height=\"1024\" class=\"wp-image-426 size-full\" src=\"https:\/\/www.qualitycreation.eu\/wp-content\/uploads\/2024\/12\/IMG_5524-917x1024.png\" alt=\"\" srcset=\"https:\/\/www.qualitycreation.eu\/wp-content\/uploads\/2024\/12\/IMG_5524-917x1024.png 917w, https:\/\/www.qualitycreation.eu\/wp-content\/uploads\/2024\/12\/IMG_5524-269x300.png 269w, https:\/\/www.qualitycreation.eu\/wp-content\/uploads\/2024\/12\/IMG_5524-768x857.png 768w, https:\/\/www.qualitycreation.eu\/wp-content\/uploads\/2024\/12\/IMG_5524-1376x1536.png 1376w, https:\/\/www.qualitycreation.eu\/wp-content\/uploads\/2024\/12\/IMG_5524-1835x2048.png 1835w, https:\/\/www.qualitycreation.eu\/wp-content\/uploads\/2024\/12\/IMG_5524-1024x1143.png 1024w\" sizes=\"auto, (max-width: 917px) 100vw, 917px\" \/><\/figure>\r\n<div class=\"wp-block-media-text__content\">\r\n\r\n\r\n\r\n<strong>QUALITAS projekti kontseptsioon<\/strong>\r\n\r\n\r\n\r\n\r\n\r\nErasmus+ projekt QUALITAS \u201cValue creation to foster resilience, sustainability and empowerment of European VET system \/ V\u00e4\u00e4rtusloome Euroopa kutsehariduss\u00fcsteemi s\u00e4ilen\u00f5tkuse, j\u00e4tkusuutlikkuse ja m\u00f5ju edendamiseks\u201d aitab kaasa riiklike kutsehariduse ja -koolituse s\u00fcsteemide t\u00e4iustamisele projekti riikides Eestis, Portugalis, Austrias, Hispaanias ja Itaalias, v\u00f5ttes kutsehariduses ja -koolituses uuenduslikult kasutusele v\u00e4\u00e4rtusloome l\u00e4henemisviisi sotsiaalses, majanduslikus ja keskkonnaalases t\u00e4henduses.\r\n\r\n\r\n\r\n<\/div>\r\n<\/div>\r\n\r\n\r\n\r\n\r\n","protected":false},"excerpt":{"rendered":"<p>QUALITAS projekti kontseptsioon Erasmus+ projekt QUALITAS \u201cValue creation to foster resilience, sustainability and empowerment of European VET system<\/p>\n","protected":false},"author":2,"featured_media":0,"parent":0,"menu_order":0,"comment_status":"closed","ping_status":"closed","template":"","meta":{"footnotes":""},"class_list":["post-425","page","type-page","status-publish","hentry"],"_links":{"self":[{"href":"https:\/\/www.qualitycreation.eu\/et\/wp-json\/wp\/v2\/pages\/425","targetHints":{"allow":["GET"]}}],"collection":[{"href":"https:\/\/www.qualitycreation.eu\/et\/wp-json\/wp\/v2\/pages"}],"about":[{"href":"https:\/\/www.qualitycreation.eu\/et\/wp-json\/wp\/v2\/types\/page"}],"author":[{"embeddable":true,"href":"https:\/\/www.qualitycreation.eu\/et\/wp-json\/wp\/v2\/users\/2"}],"replies":[{"embeddable":true,"href":"https:\/\/www.qualitycreation.eu\/et\/wp-json\/wp\/v2\/comments?post=425"}],"version-history":[{"count":9,"href":"https:\/\/www.qualitycreation.eu\/et\/wp-json\/wp\/v2\/pages\/425\/revisions"}],"predecessor-version":[{"id":1397,"href":"https:\/\/www.qualitycreation.eu\/et\/wp-json\/wp\/v2\/pages\/425\/revisions\/1397"}],"wp:attachment":[{"href":"https:\/\/www.qualitycreation.eu\/et\/wp-json\/wp\/v2\/media?parent=425"}],"curies":[{"name":"wp","href":"https:\/\/api.w.org\/{rel}","templated":true}]}}