{"id":198,"date":"2024-12-02T18:09:17","date_gmt":"2024-12-02T17:09:17","guid":{"rendered":"https:\/\/www.qualitycreation.eu\/?page_id=198"},"modified":"2025-01-11T17:06:24","modified_gmt":"2025-01-11T16:06:24","slug":"about-us","status":"publish","type":"page","link":"https:\/\/www.qualitycreation.eu\/it\/about-us\/","title":{"rendered":"Team"},"content":{"rendered":"\r\n<figure class=\"wp-block-image size-large is-resized\"><img loading=\"lazy\" decoding=\"async\" width=\"948\" height=\"727\" src=\"https:\/\/www.qualitycreation.eu\/wp-content\/uploads\/2024\/12\/KuressaareAmetikool_w-e1733173269703.jpg\" alt=\"\" class=\"wp-image-221\" style=\"width:275px;height:auto\" srcset=\"https:\/\/www.qualitycreation.eu\/wp-content\/uploads\/2024\/12\/KuressaareAmetikool_w-e1733173269703.jpg 948w, https:\/\/www.qualitycreation.eu\/wp-content\/uploads\/2024\/12\/KuressaareAmetikool_w-e1733173269703-300x230.jpg 300w, https:\/\/www.qualitycreation.eu\/wp-content\/uploads\/2024\/12\/KuressaareAmetikool_w-e1733173269703-768x589.jpg 768w\" sizes=\"auto, (max-width: 948px) 100vw, 948px\" \/><\/figure>\r\n\r\n\r\n\r\n<p>Kuressaare Ametikool (KRTC) \u00e8 un centro di formazione regionale per l\u2019istruzione professionale con 147 membri del personale (inclusi 86 docenti). KRTC offre formazione professionale iniziale e aggiuntiva (livelli EQF 3-5), nonch\u00e9 riqualificazione in 15 diversi settori professionali, tra cui i principali sono turismo, ristorazione e design. Gli studenti regolari sono circa 800 a livello superiore e post-secondario, a cui si aggiungono circa 1.000 adulti ogni anno nei diversi corsi di formazione per adulti. KRTC offre anche corsi per persone con esigenze speciali. Il centro vanta una notevole esperienza nella collaborazione con le imprese locali e l\u2019ufficio del mercato del lavoro. Una delle mansioni di KRTC \u00e8 la formazione dei tutor aziendali e la valutazione e l\u2019accreditamento delle imprese prima dell\u2019organizzazione degli stage degli studenti. KRTC adotta principi di gestione della qualit\u00e0 e ha partecipato a competizioni per il Premio Qualit\u00e0 per le istituzioni di IFP in Estonia. Dal 2011, KRTC \u00e8 coinvolto nel programma di garanzia della qualit\u00e0 per le istituzioni di IFP estoni, e tutti i gruppi curriculari (ambiti professionali) sono accreditati. KRTC \u00e8 membro dell\u2019Associazione Europea delle Scuole di Hotel e Turismo (European Association of Hotel and Tourism Schools)\r\n(http:\/\/www.aeht.lu\/).\r\n<\/p>\r\n\r\n\r\n\r\n<p><a href=\"http:\/\/www.ametikool.ee\"><strong>www.ametikool.ee<\/strong><\/a><\/p>\r\n\r\n\r\n\r\n<figure class=\"wp-block-image size-large is-resized\"><img loading=\"lazy\" decoding=\"async\" width=\"1024\" height=\"330\" src=\"https:\/\/www.qualitycreation.eu\/wp-content\/uploads\/2024\/12\/JA-Estonia-e1733172788131-1024x330.png\" alt=\"\" class=\"wp-image-222\" style=\"width:464px;height:auto\" srcset=\"https:\/\/www.qualitycreation.eu\/wp-content\/uploads\/2024\/12\/JA-Estonia-e1733172788131-1024x330.png 1024w, https:\/\/www.qualitycreation.eu\/wp-content\/uploads\/2024\/12\/JA-Estonia-e1733172788131-300x97.png 300w, https:\/\/www.qualitycreation.eu\/wp-content\/uploads\/2024\/12\/JA-Estonia-e1733172788131-768x248.png 768w, https:\/\/www.qualitycreation.eu\/wp-content\/uploads\/2024\/12\/JA-Estonia-e1733172788131-1536x495.png 1536w, https:\/\/www.qualitycreation.eu\/wp-content\/uploads\/2024\/12\/JA-Estonia-e1733172788131-2048x660.png 2048w\" sizes=\"auto, (max-width: 1024px) 100vw, 1024px\" \/><\/figure>\r\n\r\n\r\n\r\n<p>Junior Achievement Eesti (JA Estonia) \u00e8 un\u2019organizzazione non governativa senza scopo di lucro che ha iniziato la sua attivit\u00e0 in Estonia nel 1992 e opera nella sua attuale forma giuridica dal 1994. JA Estonia \u00e8 il principale fornitore di programmi di educazione all&#8217;imprenditorialit\u00e0, alfabetizzazione finanziaria e preparazione al lavoro in 220 scuole in Estonia, incluse 10 scuole di IFP, con una rete ben sviluppata di scuole accademiche e professionali distribuite sia nelle citt\u00e0 che nelle zone rurali. JA Estonia sviluppa programmi di apprendimento e materiali didattici, forma i docenti per insegnare tali programmi nelle scuole e organizza eventi di studio e motivazione per insegnanti e studenti, al fine di supportare il loro interesse nell\u2019utilizzo dei programmi. Ogni anno coinvolge 14.000 studenti in 220 scuole a diversi livelli di et\u00e0.<\/p>\r\n\r\n\r\n\r\n<p><a href=\"www.ja.ee\"><strong>www.ja.ee<\/strong><\/a><\/p>\r\n\r\n\r\n\r\n<figure class=\"wp-block-image size-large is-resized\"><img loading=\"lazy\" decoding=\"async\" width=\"1024\" height=\"451\" src=\"https:\/\/www.qualitycreation.eu\/wp-content\/uploads\/2024\/12\/Epralima_Projetos_sem-fundo-e1733172723655-1024x451.png\" alt=\"\" class=\"wp-image-223\" style=\"width:299px;height:auto\" srcset=\"https:\/\/www.qualitycreation.eu\/wp-content\/uploads\/2024\/12\/Epralima_Projetos_sem-fundo-e1733172723655-1024x451.png 1024w, https:\/\/www.qualitycreation.eu\/wp-content\/uploads\/2024\/12\/Epralima_Projetos_sem-fundo-e1733172723655-300x132.png 300w, https:\/\/www.qualitycreation.eu\/wp-content\/uploads\/2024\/12\/Epralima_Projetos_sem-fundo-e1733172723655-768x338.png 768w, https:\/\/www.qualitycreation.eu\/wp-content\/uploads\/2024\/12\/Epralima_Projetos_sem-fundo-e1733172723655-1536x676.png 1536w, https:\/\/www.qualitycreation.eu\/wp-content\/uploads\/2024\/12\/Epralima_Projetos_sem-fundo-e1733172723655-2048x901.png 2048w\" sizes=\"auto, (max-width: 1024px) 100vw, 1024px\" \/><\/figure>\r\n\r\n\r\n\r\n<p>EPRALIMA &#8211; Escola Profissional do Alto Lima \u00e8 stata istituita come cooperativa di interesse pubblico a responsabilit\u00e0 limitata, di propriet\u00e0 dei comuni di Arcos de Valdevez e Ponte da Barca e dell\u2019ACIAB &#8211; Associazione Commerciale e Industriale di Arcos de Valdevez e Ponte da Barca. EPRALIMA \u00e8 una cooperativa educativa senza scopo di lucro di natura privata che si propone di valorizzare la formazione di giovani e adulti attraverso un&#8217;istruzione e una formazione professionale adeguate. Nell\u2019esercizio delle sue attivit\u00e0, EPRALIMA \u00e8 sottoposta alla supervisione scientifica, pedagogica e funzionale del Ministero dell\u2019Istruzione ed \u00e8 finanziata con fondi pubblici. Il progetto si basa su uno sviluppo intercomunale finalizzato a: formare personale intermedio necessario per lo sviluppo locale; contribuire a ridurre i tassi di abbandono scolastico e di insuccesso formativo; favorire una societ\u00e0 centrata sulla persona e sulla dignit\u00e0 umana come valori fondamentali; e rivitalizzare l\u2019ambiente sociale basandosi sui valori di pari opportunit\u00e0.<\/p>\r\n\r\n\r\n\r\n<p><a href=\"http:\/\/www.epralima.com\/\"><strong>www.epralima.com<\/strong><\/a><\/p>\r\n\r\n\r\n\r\n<figure class=\"wp-block-image size-large is-resized\"><img loading=\"lazy\" decoding=\"async\" width=\"1024\" height=\"510\" src=\"https:\/\/www.qualitycreation.eu\/wp-content\/uploads\/2024\/12\/brainplus-Logo-e1733172767625-1024x510.jpg\" alt=\"\" class=\"wp-image-225\" style=\"width:300px;height:auto\" srcset=\"https:\/\/www.qualitycreation.eu\/wp-content\/uploads\/2024\/12\/brainplus-Logo-e1733172767625-1024x510.jpg 1024w, https:\/\/www.qualitycreation.eu\/wp-content\/uploads\/2024\/12\/brainplus-Logo-e1733172767625-300x149.jpg 300w, https:\/\/www.qualitycreation.eu\/wp-content\/uploads\/2024\/12\/brainplus-Logo-e1733172767625-768x382.jpg 768w, https:\/\/www.qualitycreation.eu\/wp-content\/uploads\/2024\/12\/brainplus-Logo-e1733172767625.jpg 1273w\" sizes=\"auto, (max-width: 1024px) 100vw, 1024px\" \/><\/figure>\r\n\r\n\r\n\r\n<p>Brainplus GmbH \u00e8 un&#8217;azienda austriaca attivamente impegnata in diversi settori dell&#8217;istruzione, come la formazione professionale, l&#8217;educazione per adulti e giovani. Le attivit\u00e0 formative sono piuttosto ampie e vengono prevalentemente personalizzate in base alle esigenze dei gruppi target. I principali destinatari di Brainplus sono ONG operanti in vari settori sociali, operatori giovanili e percorsi formativi per persone con disabilit\u00e0. Grazie all\u2019integrazione dei propri servizi, competenze e capacit\u00e0, Brainplus \u00e8 diventata un attore chiave nel panorama della formazione locale e regionale in Stiria\/Austria, con numerosi contatti a livello regionale, nazionale ed europeo nell\u2019ambito dell\u2019istruzione, della formazione e dello sviluppo imprenditoriale. Brainplus \u00e8 inoltre membro di tre reti internazionali di formazione a livello europeo (EURORESO, ENSIM e ENTER).<\/p>\r\n\r\n\r\n\r\n<p><a href=\"http:\/\/www.brainplus.at\"><strong>www.brainplus.at<\/strong><\/a><\/p>\r\n\r\n\r\n\r\n<div style=\"height:16px\" aria-hidden=\"true\" class=\"wp-block-spacer\"><\/div>\r\n\r\n\r\n\r\n<figure class=\"wp-block-image size-large is-resized\"><img loading=\"lazy\" decoding=\"async\" width=\"1024\" height=\"385\" src=\"https:\/\/www.qualitycreation.eu\/wp-content\/uploads\/2024\/12\/Logo-Camara-1-1024x385.jpg\" alt=\"\" class=\"wp-image-226\" style=\"width:257px;height:auto\" srcset=\"https:\/\/www.qualitycreation.eu\/wp-content\/uploads\/2024\/12\/Logo-Camara-1-1024x385.jpg 1024w, https:\/\/www.qualitycreation.eu\/wp-content\/uploads\/2024\/12\/Logo-Camara-1-300x113.jpg 300w, https:\/\/www.qualitycreation.eu\/wp-content\/uploads\/2024\/12\/Logo-Camara-1-768x289.jpg 768w, https:\/\/www.qualitycreation.eu\/wp-content\/uploads\/2024\/12\/Logo-Camara-1-1536x578.jpg 1536w, https:\/\/www.qualitycreation.eu\/wp-content\/uploads\/2024\/12\/Logo-Camara-1-2048x770.jpg 2048w\" sizes=\"auto, (max-width: 1024px) 100vw, 1024px\" \/><\/figure>\r\n\r\n\r\n\r\n<p>Camera di Commercio, Industria, Servizi e Navigazione di Siviglia (CCSEV) \u00e8 una Societ\u00e0 Pubblica senza scopo di lucro istituita per legge come organismo consultivo, con il compito di collaborare con le Autorit\u00e0 Pubbliche, rappresentando l\u2019interesse generale delle circa 110.000 imprese associate. CCSEV promuove lo sviluppo imprenditoriale, l\u2019imprenditorialit\u00e0, l\u2019internazionalizzazione e l\u2019innovazione attraverso diversi servizi e attivit\u00e0. La Camera collabora strettamente con il Governo Regionale dell\u2019Andalusia in ambito di servizi per l\u2019occupazione e gestisce un ampio programma di formazione con corsi rivolti a imprenditori, professionisti, dipendenti e disoccupati. Inoltre, la Camera di Commercio di Siviglia gestisce una propria Business School, un Centro di Formazione Professionale e un Centro Universitario situati a Siviglia, con oltre 1.300 studenti. Oltre alla formazione specifica prevista dai curricula, l\u2019istruzione offerta \u00e8 orientata al mondo imprenditoriale e al mercato del lavoro.<\/p>\r\n\r\n\r\n\r\n<p><a href=\"http:\/\/www.camaradesevilla.com\"><strong>www.camaradesevilla.com<\/strong><\/a><\/p>\r\n\r\n\r\n\r\n<figure class=\"wp-block-image size-large is-resized\"><img loading=\"lazy\" decoding=\"async\" width=\"1024\" height=\"358\" src=\"https:\/\/www.qualitycreation.eu\/wp-content\/uploads\/2024\/12\/logo-png-e1733172686223-1024x358.png\" alt=\"\" class=\"wp-image-228\" style=\"width:312px;height:auto\" srcset=\"https:\/\/www.qualitycreation.eu\/wp-content\/uploads\/2024\/12\/logo-png-e1733172686223-1024x358.png 1024w, https:\/\/www.qualitycreation.eu\/wp-content\/uploads\/2024\/12\/logo-png-e1733172686223-300x105.png 300w, https:\/\/www.qualitycreation.eu\/wp-content\/uploads\/2024\/12\/logo-png-e1733172686223-768x268.png 768w, https:\/\/www.qualitycreation.eu\/wp-content\/uploads\/2024\/12\/logo-png-e1733172686223.png 1150w\" sizes=\"auto, (max-width: 1024px) 100vw, 1024px\" \/><\/figure>\r\n\r\n\r\n\r\n<p>Universit\u00e0 degli Studi di Napoli Federico II \u00e8 stata la prima universit\u00e0 pubblica in Europa, istituita nel 1224 tramite una Carta Imperiale di Federico II Hohenstaufen, Re di Sicilia e Imperatore del Sacro Romano Impero. Attualmente, l&#8217;universit\u00e0 offre corsi in tutte le discipline accademiche, conducendo a 155 lauree di secondo livello. Le strutture di ricerca supportano tutti questi corsi, offrendo agli studenti opportunit\u00e0 di sviluppo intellettuale e acquisizione di competenze professionali. Il numero degli iscritti si avvicina a 90.000, con un corpo accademico che conta 3.121 docenti.<br>Il Dipartimento di Scienze Politiche, uno dei 26 nuovi Dipartimenti dell\u2019Universit\u00e0, adotta un approccio multidisciplinare per affrontare questioni sociali e rispondere alle sfide contemporanee. I corsi offerti dal Dipartimento mirano a sviluppare competenze in linea con l\u2019evoluzione del sistema socioeconomico e del mercato del lavoro, promuovendo opportunit\u00e0 di occupazione qualificata.<\/p>\r\n\r\n\r\n\r\n<p><a href=\"http:\/\/www.scienzepolitiche.unina.it\/\"><strong>www.scienzepolitiche.unina.it<\/strong><\/a><\/p>\r\n\r\n\r\n\r\n<div style=\"height:16px\" aria-hidden=\"true\" class=\"wp-block-spacer\"><\/div>\r\n\r\n\r\n\r\n<figure class=\"wp-block-image size-large is-resized\"><img loading=\"lazy\" decoding=\"async\" width=\"1024\" height=\"161\" src=\"https:\/\/www.qualitycreation.eu\/wp-content\/uploads\/2024\/12\/JanusOcol-1024x161.png\" alt=\"\" class=\"wp-image-229\" style=\"width:289px;height:auto\" srcset=\"https:\/\/www.qualitycreation.eu\/wp-content\/uploads\/2024\/12\/JanusOcol-1024x161.png 1024w, https:\/\/www.qualitycreation.eu\/wp-content\/uploads\/2024\/12\/JanusOcol-300x47.png 300w, https:\/\/www.qualitycreation.eu\/wp-content\/uploads\/2024\/12\/JanusOcol-768x121.png 768w, https:\/\/www.qualitycreation.eu\/wp-content\/uploads\/2024\/12\/JanusOcol-1536x242.png 1536w, https:\/\/www.qualitycreation.eu\/wp-content\/uploads\/2024\/12\/JanusOcol.png 2000w\" sizes=\"auto, (max-width: 1024px) 100vw, 1024px\" \/><\/figure>\r\n\r\n\r\n\r\n<p>JANUS s.r.l. \u00e8 un\u2019azienda italiana a capitale privato che crea e sviluppa applicazioni software innovative per enti pubblici e privati, con finalit\u00e0 culturali, formative, educative e aziendali. JANUS garantisce la compatibilit\u00e0 dei propri prodotti con qualsiasi tipo di rete (Internet, intranet e\/o extranet). I servizi offerti includono anche progettazione grafica e produzione digitale\/multimediale. Tutti i servizi di JANUS sono accompagnati da assistenza, manuali tecnici e formazione. Tra le produzioni di successo dell\u2019azienda si segnalano \u201cAmaMusei\u201d e \u201cAmacitt\u00e0\u201d, piattaforme integrate e applicazioni basate sul sistema BAC (Beacon Access Control), ampiamente utilizzate da numerosi musei e comuni in Italia.<\/p>\r\n\r\n\r\n\r\n<p><a href=\"http:\/\/www.janus.it\/\"><strong>www.janus.it<\/strong><\/a><\/p>\r\n\r\n\r\n\r\n<p><\/p>\r\n","protected":false},"excerpt":{"rendered":"<p>Kuressaare Ametikool (KRTC) \u00e8 un centro di formazione regionale per l\u2019istruzione professionale con 147 membri del personale (inclusi<\/p>\n","protected":false},"author":1,"featured_media":0,"parent":0,"menu_order":0,"comment_status":"closed","ping_status":"closed","template":"","meta":{"footnotes":""},"class_list":["post-198","page","type-page","status-publish","hentry"],"_links":{"self":[{"href":"https:\/\/www.qualitycreation.eu\/it\/wp-json\/wp\/v2\/pages\/198","targetHints":{"allow":["GET"]}}],"collection":[{"href":"https:\/\/www.qualitycreation.eu\/it\/wp-json\/wp\/v2\/pages"}],"about":[{"href":"https:\/\/www.qualitycreation.eu\/it\/wp-json\/wp\/v2\/types\/page"}],"author":[{"embeddable":true,"href":"https:\/\/www.qualitycreation.eu\/it\/wp-json\/wp\/v2\/users\/1"}],"replies":[{"embeddable":true,"href":"https:\/\/www.qualitycreation.eu\/it\/wp-json\/wp\/v2\/comments?post=198"}],"version-history":[{"count":10,"href":"https:\/\/www.qualitycreation.eu\/it\/wp-json\/wp\/v2\/pages\/198\/revisions"}],"predecessor-version":[{"id":1422,"href":"https:\/\/www.qualitycreation.eu\/it\/wp-json\/wp\/v2\/pages\/198\/revisions\/1422"}],"wp:attachment":[{"href":"https:\/\/www.qualitycreation.eu\/it\/wp-json\/wp\/v2\/media?parent=198"}],"curies":[{"name":"wp","href":"https:\/\/api.w.org\/{rel}","templated":true}]}}