{"id":191,"date":"2024-12-02T18:04:23","date_gmt":"2024-12-02T17:04:23","guid":{"rendered":"https:\/\/www.qualitycreation.eu\/?page_id=191"},"modified":"2024-12-05T14:04:21","modified_gmt":"2024-12-05T13:04:21","slug":"resources","status":"publish","type":"page","link":"https:\/\/www.qualitycreation.eu\/pt\/resources\/","title":{"rendered":"Recursos"},"content":{"rendered":"\r\n<figure class=\"wp-block-image size-large\"><img loading=\"lazy\" decoding=\"async\" width=\"1024\" height=\"683\" src=\"https:\/\/www.qualitycreation.eu\/wp-content\/uploads\/2024\/12\/20230808_974-1024x683.jpg\" alt=\"\" class=\"wp-image-232\" srcset=\"https:\/\/www.qualitycreation.eu\/wp-content\/uploads\/2024\/12\/20230808_974-1024x683.jpg 1024w, https:\/\/www.qualitycreation.eu\/wp-content\/uploads\/2024\/12\/20230808_974-300x200.jpg 300w, https:\/\/www.qualitycreation.eu\/wp-content\/uploads\/2024\/12\/20230808_974-768x512.jpg 768w, https:\/\/www.qualitycreation.eu\/wp-content\/uploads\/2024\/12\/20230808_974-1536x1024.jpg 1536w, https:\/\/www.qualitycreation.eu\/wp-content\/uploads\/2024\/12\/20230808_974-2048x1365.jpg 2048w\" sizes=\"auto, (max-width: 1024px) 100vw, 1024px\" \/><\/figure>\r\n\r\n\r\n\r\n<p>O projeto QUALITAS elabora materiais para o EFP, de acesso livre e de diferentes tipos, nos idiomas do projeto, ingl\u00eas, est\u00f3nio, portugu\u00eas, alem\u00e3o, espanhol, italiano, tais como:  <\/p>\r\n\r\n\r\n\r\n<ul class=\"wp-block-list\">\r\n<li>O curso online do projeto QUALITAS, para professores do EFP, que apoia a cria\u00e7\u00e3o de valor nas \u00e1reas social, econ\u00f3mica e ambiental;\r\n<\/li>\r\n\r\n\r\n\r\n<li>Os m\u00f3dulos de aprendizagem, de acesso livre, para estudantes do EFP;<\/li>\r\n\r\n\r\n\r\n<li>O gui\u00e3o online do projeto QUALITAS para a cria\u00e7\u00e3o de valor para professores do EFP.<\/li>\r\n<\/ul>\r\n\r\n\r\n\r\n<p><\/p>\r\n","protected":false},"excerpt":{"rendered":"<p>O projeto QUALITAS elabora materiais para o EFP, de acesso livre e de diferentes tipos, nos idiomas do<\/p>\n","protected":false},"author":1,"featured_media":0,"parent":0,"menu_order":0,"comment_status":"closed","ping_status":"closed","template":"","meta":{"footnotes":""},"class_list":["post-191","page","type-page","status-publish","hentry"],"_links":{"self":[{"href":"https:\/\/www.qualitycreation.eu\/pt\/wp-json\/wp\/v2\/pages\/191","targetHints":{"allow":["GET"]}}],"collection":[{"href":"https:\/\/www.qualitycreation.eu\/pt\/wp-json\/wp\/v2\/pages"}],"about":[{"href":"https:\/\/www.qualitycreation.eu\/pt\/wp-json\/wp\/v2\/types\/page"}],"author":[{"embeddable":true,"href":"https:\/\/www.qualitycreation.eu\/pt\/wp-json\/wp\/v2\/users\/1"}],"replies":[{"embeddable":true,"href":"https:\/\/www.qualitycreation.eu\/pt\/wp-json\/wp\/v2\/comments?post=191"}],"version-history":[{"count":4,"href":"https:\/\/www.qualitycreation.eu\/pt\/wp-json\/wp\/v2\/pages\/191\/revisions"}],"predecessor-version":[{"id":558,"href":"https:\/\/www.qualitycreation.eu\/pt\/wp-json\/wp\/v2\/pages\/191\/revisions\/558"}],"wp:attachment":[{"href":"https:\/\/www.qualitycreation.eu\/pt\/wp-json\/wp\/v2\/media?parent=191"}],"curies":[{"name":"wp","href":"https:\/\/api.w.org\/{rel}","templated":true}]}}