{"id":193,"date":"2024-12-02T18:05:11","date_gmt":"2024-12-02T17:05:11","guid":{"rendered":"https:\/\/www.qualitycreation.eu\/?page_id=193"},"modified":"2024-12-05T14:02:43","modified_gmt":"2024-12-05T13:02:43","slug":"training","status":"publish","type":"page","link":"https:\/\/www.qualitycreation.eu\/pt\/training\/","title":{"rendered":"Forma\u00e7\u00e3o"},"content":{"rendered":"\r\n<figure class=\"wp-block-image size-full\"><img loading=\"lazy\" decoding=\"async\" width=\"1024\" height=\"684\" class=\"wp-image-218\" src=\"https:\/\/www.qualitycreation.eu\/wp-content\/uploads\/2024\/12\/QUALITAS2.webp\" alt=\"\" srcset=\"https:\/\/www.qualitycreation.eu\/wp-content\/uploads\/2024\/12\/QUALITAS2.webp 1024w, https:\/\/www.qualitycreation.eu\/wp-content\/uploads\/2024\/12\/QUALITAS2-300x200.webp 300w, https:\/\/www.qualitycreation.eu\/wp-content\/uploads\/2024\/12\/QUALITAS2-768x513.webp 768w\" sizes=\"auto, (max-width: 1024px) 100vw, 1024px\" \/><\/figure>\r\n\r\n\r\n\r\n\r\nO principal objetivo do QUALITAS \u00e9 incentivar que os sistemas de EFP utilizem, de forma inovadora, a abordagem empresarial do m\u00e9todo aprender fazendo, para que a cria\u00e7\u00e3o de valor apoie os valores no ensino e forma\u00e7\u00e3o profissional, criando assim uma nova rela\u00e7\u00e3o com o mundo do trabalho, atrav\u00e9s do interc\u00e2mbio de m\u00e9todos.\r\n\r\n\r\n\r\n\r\n\r\n","protected":false},"excerpt":{"rendered":"<p>O principal objetivo do QUALITAS \u00e9 incentivar que os sistemas de EFP utilizem, de forma inovadora, a abordagem<\/p>\n","protected":false},"author":1,"featured_media":0,"parent":0,"menu_order":0,"comment_status":"closed","ping_status":"closed","template":"","meta":{"footnotes":""},"class_list":["post-193","page","type-page","status-publish","hentry"],"_links":{"self":[{"href":"https:\/\/www.qualitycreation.eu\/pt\/wp-json\/wp\/v2\/pages\/193","targetHints":{"allow":["GET"]}}],"collection":[{"href":"https:\/\/www.qualitycreation.eu\/pt\/wp-json\/wp\/v2\/pages"}],"about":[{"href":"https:\/\/www.qualitycreation.eu\/pt\/wp-json\/wp\/v2\/types\/page"}],"author":[{"embeddable":true,"href":"https:\/\/www.qualitycreation.eu\/pt\/wp-json\/wp\/v2\/users\/1"}],"replies":[{"embeddable":true,"href":"https:\/\/www.qualitycreation.eu\/pt\/wp-json\/wp\/v2\/comments?post=193"}],"version-history":[{"count":5,"href":"https:\/\/www.qualitycreation.eu\/pt\/wp-json\/wp\/v2\/pages\/193\/revisions"}],"predecessor-version":[{"id":557,"href":"https:\/\/www.qualitycreation.eu\/pt\/wp-json\/wp\/v2\/pages\/193\/revisions\/557"}],"wp:attachment":[{"href":"https:\/\/www.qualitycreation.eu\/pt\/wp-json\/wp\/v2\/media?parent=193"}],"curies":[{"name":"wp","href":"https:\/\/api.w.org\/{rel}","templated":true}]}}