{"id":198,"date":"2024-12-02T18:09:17","date_gmt":"2024-12-02T17:09:17","guid":{"rendered":"https:\/\/www.qualitycreation.eu\/?page_id=198"},"modified":"2025-01-11T17:06:24","modified_gmt":"2025-01-11T16:06:24","slug":"about-us","status":"publish","type":"page","link":"https:\/\/www.qualitycreation.eu\/pt\/about-us\/","title":{"rendered":"Equipa"},"content":{"rendered":"\r\n<figure class=\"wp-block-image size-large is-resized\"><img loading=\"lazy\" decoding=\"async\" width=\"948\" height=\"727\" src=\"https:\/\/www.qualitycreation.eu\/wp-content\/uploads\/2024\/12\/KuressaareAmetikool_w-e1733173269703.jpg\" alt=\"\" class=\"wp-image-221\" style=\"width:275px;height:auto\" srcset=\"https:\/\/www.qualitycreation.eu\/wp-content\/uploads\/2024\/12\/KuressaareAmetikool_w-e1733173269703.jpg 948w, https:\/\/www.qualitycreation.eu\/wp-content\/uploads\/2024\/12\/KuressaareAmetikool_w-e1733173269703-300x230.jpg 300w, https:\/\/www.qualitycreation.eu\/wp-content\/uploads\/2024\/12\/KuressaareAmetikool_w-e1733173269703-768x589.jpg 768w\" sizes=\"auto, (max-width: 948px) 100vw, 948px\" \/><\/figure>\r\n\r\n\r\n\r\n\r\nO Kuressaare Ametikool (KRTC) \u00e9 um centro regional de ensino e forma\u00e7\u00e3o profissional, que conta com 147 profissionais (incluindo 86 professores). O KRTC oferece forma\u00e7\u00e3o profissional inicial e complementar (n\u00edveis 3-5 do QEQ), bem como requalifica\u00e7\u00e3o em 15 \u00e1reas profissionais diferentes, sendo as mais procuradas o turismo, a restaura\u00e7\u00e3o e o design. Existem cerca de 800 estudantes regulares a n\u00edvel do ensino superior e p\u00f3s-secund\u00e1rio, mas tamb\u00e9m cerca de 1000 estudantes adultos durante um ano, em diferentes cursos de forma\u00e7\u00e3o de adultos. Oferecemos tamb\u00e9m cursos para pessoas com necessidades especiais. O KRTC tem uma experi\u00eancia not\u00e1vel de coopera\u00e7\u00e3o com as empresas locais e o mercado de trabalho. Uma das tarefas do KRTC \u00e9 formar os tutores nas empresas, bem como avaliar e acreditar as empresas antes da coloca\u00e7\u00e3o dos estudantes nos locais de trabalho. O KRTC est\u00e1 a implementar princ\u00edpios de gest\u00e3o da qualidade e participou em concursos para atribui\u00e7\u00e3o de Pr\u00e9mios de Qualidade a institui\u00e7\u00f5es de ensino e forma\u00e7\u00e3o profissional na Est\u00f3nia. Desde 2011, o KRTC tem estado envolvido no programa de garantia de qualidade das institui\u00e7\u00f5es de EFP da Est\u00f3nia, e todos os nossos grupos curriculares (\u00e1reas profissionais) s\u00e3o acreditados. O KRTC \u00e9 membro da Associa\u00e7\u00e3o Europeia de Escolas de Hotelaria e Turismo (http:\/\/www.aeht.lu\/).\r\n\r\n\r\n\r\n\r\n\r\n<a href=\"http:\/\/www.ametikool.ee\"><strong>www.ametikool.ee<\/strong><\/a>\r\n\r\n\r\n\r\n\r\n<figure class=\"wp-block-image size-large is-resized\"><img loading=\"lazy\" decoding=\"async\" width=\"1024\" height=\"330\" class=\"wp-image-222\" style=\"width: 464px; height: auto;\" src=\"https:\/\/www.qualitycreation.eu\/wp-content\/uploads\/2024\/12\/JA-Estonia-e1733172788131-1024x330.png\" alt=\"\" srcset=\"https:\/\/www.qualitycreation.eu\/wp-content\/uploads\/2024\/12\/JA-Estonia-e1733172788131-1024x330.png 1024w, https:\/\/www.qualitycreation.eu\/wp-content\/uploads\/2024\/12\/JA-Estonia-e1733172788131-300x97.png 300w, https:\/\/www.qualitycreation.eu\/wp-content\/uploads\/2024\/12\/JA-Estonia-e1733172788131-768x248.png 768w, https:\/\/www.qualitycreation.eu\/wp-content\/uploads\/2024\/12\/JA-Estonia-e1733172788131-1536x495.png 1536w, https:\/\/www.qualitycreation.eu\/wp-content\/uploads\/2024\/12\/JA-Estonia-e1733172788131-2048x660.png 2048w\" sizes=\"auto, (max-width: 1024px) 100vw, 1024px\" \/><\/figure>\r\n\r\n\r\n\r\n\r\nA Junior Achievementi Eesti (JA Est\u00f3nia) \u00e9 uma organiza\u00e7\u00e3o n\u00e3o governamental sem fins lucrativos, que iniciou a sua atividade na Est\u00f3nia, em 1992, assumindo a sua forma jur\u00eddica atual em 1994. JA Est\u00f3nia \u00e9 o maior e mais conhecido fornecedor de educa\u00e7\u00e3o para o empreendedorismo, literacia financeira e programas de prepara\u00e7\u00e3o para o trabalho, em 220 escolas na Est\u00f3nia, incluindo 10 escolas profissionais, com uma rede bem desenvolvida de escolas acad\u00e9micas e profissionais em toda a Est\u00f3nia, tanto em cidades como em pequenas zonas rurais. JA Est\u00f3nia desenvolve programas de aprendizagem e materiais de estudo, implementa a\u00e7\u00f5es de forma\u00e7\u00e3o junto dos professores para ensinarem os programas nas escolas, e organiza eventos de estudo e motiva\u00e7\u00e3o, tanto para professores, como para alunos, de modo a estimular o seu interesse em utilizar estes programas, tendo anualmente 14000 alunos, em 220 escolas, de diferentes faixas et\u00e1rias.\r\n\r\n\r\n\r\n\r\n\r\n<a href=\"www.ja.ee\"><strong>www.ja.ee<\/strong><\/a>\r\n\r\n\r\n\r\n\r\n<figure class=\"wp-block-image size-large is-resized\"><img loading=\"lazy\" decoding=\"async\" width=\"1024\" height=\"451\" class=\"wp-image-223\" style=\"width: 299px; height: auto;\" src=\"https:\/\/www.qualitycreation.eu\/wp-content\/uploads\/2024\/12\/Epralima_Projetos_sem-fundo-e1733172723655-1024x451.png\" alt=\"\" srcset=\"https:\/\/www.qualitycreation.eu\/wp-content\/uploads\/2024\/12\/Epralima_Projetos_sem-fundo-e1733172723655-1024x451.png 1024w, https:\/\/www.qualitycreation.eu\/wp-content\/uploads\/2024\/12\/Epralima_Projetos_sem-fundo-e1733172723655-300x132.png 300w, https:\/\/www.qualitycreation.eu\/wp-content\/uploads\/2024\/12\/Epralima_Projetos_sem-fundo-e1733172723655-768x338.png 768w, https:\/\/www.qualitycreation.eu\/wp-content\/uploads\/2024\/12\/Epralima_Projetos_sem-fundo-e1733172723655-1536x676.png 1536w, https:\/\/www.qualitycreation.eu\/wp-content\/uploads\/2024\/12\/Epralima_Projetos_sem-fundo-e1733172723655-2048x901.png 2048w\" sizes=\"auto, (max-width: 1024px) 100vw, 1024px\" \/><\/figure>\r\n\r\n\r\n\r\n\r\nA EPRALIMA &#8211; Escola Profissional do Alto Lima foi criada como uma Cooperativa de Interesse P\u00fablico e Responsabilidade Limitada e \u00e9 propriedade do Munic\u00edpio de Arcos de Valdevez, do Munic\u00edpio de Ponte da Barca e da ACIAB &#8211; Associa\u00e7\u00e3o Comercial e Industrial de Arcos de Valdevez e Ponte da Barca. A EPRALIMA \u00e9 uma cooperativa de ensino sem fins lucrativos, de natureza privada, que tem como objetivo acrescentar valor \u00e0 forma\u00e7\u00e3o de jovens e adultos, atrav\u00e9s da oferta de ensino e forma\u00e7\u00e3o profissional adequada. No exerc\u00edcio da sua atividade, a EPRALIMA est\u00e1 dependente da tutela cient\u00edfica, pedag\u00f3gica e funcional do Minist\u00e9rio da Educa\u00e7\u00e3o, sendo financiada por fundos p\u00fablicos, e est\u00e1 associada a projeto de desenvolvimento intermunicipal que visa os seguintes objetivos: formar quadros interm\u00e9dios necess\u00e1rios ao desenvolvimento local; contribuir para a redu\u00e7\u00e3o das taxas de abandono e insucesso escolar; contribuir tamb\u00e9m para uma sociedade centrada na pessoa e na dignidade humana, como valores fundamentais e revitalizar o ambiente social, baseado nos valores da igualdade de oportunidades.\r\n\r\n\r\n\r\n\r\n\r\n<a href=\"http:\/\/www.epralima.com\/\"><strong>www.epralima.com<\/strong><\/a>\r\n\r\n\r\n\r\n\r\n<figure class=\"wp-block-image size-large is-resized\"><img loading=\"lazy\" decoding=\"async\" width=\"1024\" height=\"510\" class=\"wp-image-225\" style=\"width: 300px; height: auto;\" src=\"https:\/\/www.qualitycreation.eu\/wp-content\/uploads\/2024\/12\/brainplus-Logo-e1733172767625-1024x510.jpg\" alt=\"\" srcset=\"https:\/\/www.qualitycreation.eu\/wp-content\/uploads\/2024\/12\/brainplus-Logo-e1733172767625-1024x510.jpg 1024w, https:\/\/www.qualitycreation.eu\/wp-content\/uploads\/2024\/12\/brainplus-Logo-e1733172767625-300x149.jpg 300w, https:\/\/www.qualitycreation.eu\/wp-content\/uploads\/2024\/12\/brainplus-Logo-e1733172767625-768x382.jpg 768w, https:\/\/www.qualitycreation.eu\/wp-content\/uploads\/2024\/12\/brainplus-Logo-e1733172767625.jpg 1273w\" sizes=\"auto, (max-width: 1024px) 100vw, 1024px\" \/><\/figure>\r\n\r\n\r\n\r\n\r\nA Brainplus GmbH \u00e9 uma empresa austr\u00edaca que trabalha ativamente em v\u00e1rios dom\u00ednios educativos, como o ensino e a forma\u00e7\u00e3o profissional, a educa\u00e7\u00e3o de adultos e de jovens. Os objetivos das forma\u00e7\u00f5es s\u00e3o bastante amplos e maioritariamente adaptados \u00e0s necessidades do grupo-alvo. Os principais grupos-alvo da Brainplus s\u00e3o as ONG em diferentes dom\u00ednios sociais, os profissionais de juventude, e as forma\u00e7\u00f5es para pessoas com incapacidades. Ao combinar todos os servi\u00e7os, compet\u00eancias e aptid\u00f5es, a Brainplus tornou-se um ator-chave no panorama da forma\u00e7\u00e3o local e regional na Est\u00edria\/\u00c1ustria e tem muitos contatos com intervenientes regionais, nacionais e europeus na educa\u00e7\u00e3o e forma\u00e7\u00e3o, bem como no desenvolvimento empresarial. A Brainplus \u00e9 tamb\u00e9m membro de tr\u00eas redes de forma\u00e7\u00e3o internacionais, a n\u00edvel da UE (EURORESO, ENSIM e ENTER). \r\n<br \/>\r\n<a href=\"http:\/\/www.brainplus.at\"><strong>www.brainplus.at<\/strong><\/a>\r\n\r\n\r\n\r\n\r\n<div class=\"wp-block-spacer\" style=\"height: 16px;\" aria-hidden=\"true\">&nbsp;<\/div>\r\n\r\n\r\n\r\n<figure class=\"wp-block-image size-large is-resized\"><img loading=\"lazy\" decoding=\"async\" width=\"1024\" height=\"385\" class=\"wp-image-226\" style=\"width: 257px; height: auto;\" src=\"https:\/\/www.qualitycreation.eu\/wp-content\/uploads\/2024\/12\/Logo-Camara-1-1024x385.jpg\" alt=\"\" srcset=\"https:\/\/www.qualitycreation.eu\/wp-content\/uploads\/2024\/12\/Logo-Camara-1-1024x385.jpg 1024w, https:\/\/www.qualitycreation.eu\/wp-content\/uploads\/2024\/12\/Logo-Camara-1-300x113.jpg 300w, https:\/\/www.qualitycreation.eu\/wp-content\/uploads\/2024\/12\/Logo-Camara-1-768x289.jpg 768w, https:\/\/www.qualitycreation.eu\/wp-content\/uploads\/2024\/12\/Logo-Camara-1-1536x578.jpg 1536w, https:\/\/www.qualitycreation.eu\/wp-content\/uploads\/2024\/12\/Logo-Camara-1-2048x770.jpg 2048w\" sizes=\"auto, (max-width: 1024px) 100vw, 1024px\" \/><\/figure>\r\n\r\n\r\n\r\n\r\nA C\u00e2mara Oficial de Com\u00e9rcio, Ind\u00fastria, Servi\u00e7os e Navega\u00e7\u00e3o de Sevilha (CCSEV) \u00e9 uma entidade p\u00fablica sem fins lucrativos, constitu\u00edda por lei como um \u00f3rg\u00e3o consultivo para colaborar com as autoridades p\u00fablicas, perante as quais representa o interesse geral das empresas associadas (atualmente, cerca de 110000 empresas). A CCSEV promove o desenvolvimento empresarial, \r\nempreendedorismo, a internacionaliza\u00e7\u00e3o e a inova\u00e7\u00e3o, atrav\u00e9s de v\u00e1rios servi\u00e7os e atividades. A CCSEV trabalha em estreita colabora\u00e7\u00e3o com o Governo Regional da Andaluzia, nos servi\u00e7os de emprego, e tem um vasto programa de forma\u00e7\u00e3o com diferentes cursos direcionados a empres\u00e1rios, profissionais, empregados e desempregados. Al\u00e9m disso, a C\u00e2mara de Com\u00e9rcio de Sevilha gere a sua pr\u00f3pria Escola de Neg\u00f3cios, um Centro de Ensino e Forma\u00e7\u00e3o Profissional, e um Centro Universit\u00e1rio, localizados em Sevilha e com mais de 1300 estudantes que, para al\u00e9m da forma\u00e7\u00e3o espec\u00edfica nas suas diferentes \u00e1reas, tamb\u00e9m recebem forma\u00e7\u00e3o orientada para o mundo empresarial e para o mercado.\r\n\r\n\r\n\r\n\r\n\r\n<a href=\"http:\/\/www.camaradesevilla.com\"><strong>www.camaradesevilla.com<\/strong><\/a>\r\n\r\n\r\n\r\n\r\n<figure class=\"wp-block-image size-large is-resized\"><img loading=\"lazy\" decoding=\"async\" width=\"1024\" height=\"358\" class=\"wp-image-228\" style=\"width: 312px; height: auto;\" src=\"https:\/\/www.qualitycreation.eu\/wp-content\/uploads\/2024\/12\/logo-png-e1733172686223-1024x358.png\" alt=\"\" srcset=\"https:\/\/www.qualitycreation.eu\/wp-content\/uploads\/2024\/12\/logo-png-e1733172686223-1024x358.png 1024w, https:\/\/www.qualitycreation.eu\/wp-content\/uploads\/2024\/12\/logo-png-e1733172686223-300x105.png 300w, https:\/\/www.qualitycreation.eu\/wp-content\/uploads\/2024\/12\/logo-png-e1733172686223-768x268.png 768w, https:\/\/www.qualitycreation.eu\/wp-content\/uploads\/2024\/12\/logo-png-e1733172686223.png 1150w\" sizes=\"auto, (max-width: 1024px) 100vw, 1024px\" \/><\/figure>\r\n\r\n\r\n\r\n\r\nA Universidade de N\u00e1poles Federico II foi a primeira universidade com financiamento p\u00fablico na Europa, criada em 1224, atrav\u00e9s de uma Carta Imperial de Frederico II Hohenstaufen, Rei da Sic\u00edlia e Imperador do Sacro Imp\u00e9rio Romano. Atualmente, a Universidade oferece cursos em praticamente todas as disciplinas acad\u00e9micas, num total de cento e cinquenta e cinco cursos. Os departamentos de investiga\u00e7\u00e3o apoiam todos estes cursos. Os estudantes t\u00eam a oportunidade de prosseguir o seu desenvolvimento intelectual, bem como a aquisi\u00e7\u00e3o de compet\u00eancias profissionais. O n\u00famero atual de estudantes inscritos aproxima-se dos 90.000 e o pessoal acad\u00e9mico, neste momento, \u00e9 de 3121. \r\nO Departamento de Ci\u00eancia Pol\u00edtica \u00e9 um dos novos 26 Departamentos da Universidade de N\u00e1poles Federico II. A did\u00e1tica e a investiga\u00e7\u00e3o s\u00e3o inspiradas por uma abordagem multidisciplinar adequada para obter uma compreens\u00e3o mais ampla das quest\u00f5es sociais, de modo a enfrentar os desafios da atualidade. Os cursos atuais do Departamento de Ci\u00eancia Pol\u00edtica funcionam para a obten\u00e7\u00e3o de conhecimentos especializados que correspondam plenamente \u00e0 evolu\u00e7\u00e3o do sistema socioecon\u00f3mico e do mercado de trabalho, aumentando as oportunidades de emprego qualificado.\r\n\r\n\r\n\r\n\r\n\r\n<a href=\"http:\/\/www.scienzepolitiche.unina.it\/\"><strong>www.scienzepolitiche.unina.it<\/strong><\/a>\r\n\r\n\r\n\r\n\r\n<div class=\"wp-block-spacer\" style=\"height: 16px;\" aria-hidden=\"true\">&nbsp;<\/div>\r\n\r\n\r\n\r\n<figure class=\"wp-block-image size-large is-resized\"><img loading=\"lazy\" decoding=\"async\" width=\"1024\" height=\"161\" class=\"wp-image-229\" style=\"width: 289px; height: auto;\" src=\"https:\/\/www.qualitycreation.eu\/wp-content\/uploads\/2024\/12\/JanusOcol-1024x161.png\" alt=\"\" srcset=\"https:\/\/www.qualitycreation.eu\/wp-content\/uploads\/2024\/12\/JanusOcol-1024x161.png 1024w, https:\/\/www.qualitycreation.eu\/wp-content\/uploads\/2024\/12\/JanusOcol-300x47.png 300w, https:\/\/www.qualitycreation.eu\/wp-content\/uploads\/2024\/12\/JanusOcol-768x121.png 768w, https:\/\/www.qualitycreation.eu\/wp-content\/uploads\/2024\/12\/JanusOcol-1536x242.png 1536w, https:\/\/www.qualitycreation.eu\/wp-content\/uploads\/2024\/12\/JanusOcol.png 2000w\" sizes=\"auto, (max-width: 1024px) 100vw, 1024px\" \/><\/figure>\r\n\r\n\r\n\r\n\r\nJANUS s.r.l. \u00e9 uma empresa privada italiana que cria e desenvolve aplica\u00e7\u00f5es de software inovadoras para entidades p\u00fablicas e privadas, nos dom\u00ednios cultural, de educa\u00e7\u00e3o e forma\u00e7\u00e3o, bem como empresarial. A JANUS garante a compatibilidade dos seus produtos com qualquer tipo de rede (Internet, intranet e\/ou extranet). Os servi\u00e7os prestados pela empresa incluem ainda design gr\u00e1fico e produ\u00e7\u00e3o digital\/multim\u00e9dia. Todos os servi\u00e7os da JANUS s\u00e3o apoiados com assist\u00eancia, manuais t\u00e9cnicos e forma\u00e7\u00e3o. Entre as produ\u00e7\u00f5es de sucesso da JANUS, contam-se o \u201cAmaMusei\u201d e o \u201cAmacitt\u00e0\u201d, que consistem numa plataforma integrada e aplica\u00e7\u00f5es baseadas no BAC \u2013 Beacon Access Control. Ambos os produtos est\u00e3o a ser amplamente utilizados por um grande n\u00famero de museus e munic\u00edpios em It\u00e1lia.\r\n\r\n\r\n\r\n\r\n\r\n<a href=\"http:\/\/www.janus.it\/\"><strong>www.janus.it<\/strong><\/a>\r\n\r\n\r\n\r\n\r\n\r\n","protected":false},"excerpt":{"rendered":"<p>O Kuressaare Ametikool (KRTC) \u00e9 um centro regional de ensino e forma\u00e7\u00e3o profissional, que conta com 147 profissionais<\/p>\n","protected":false},"author":1,"featured_media":0,"parent":0,"menu_order":0,"comment_status":"closed","ping_status":"closed","template":"","meta":{"footnotes":""},"class_list":["post-198","page","type-page","status-publish","hentry"],"_links":{"self":[{"href":"https:\/\/www.qualitycreation.eu\/pt\/wp-json\/wp\/v2\/pages\/198","targetHints":{"allow":["GET"]}}],"collection":[{"href":"https:\/\/www.qualitycreation.eu\/pt\/wp-json\/wp\/v2\/pages"}],"about":[{"href":"https:\/\/www.qualitycreation.eu\/pt\/wp-json\/wp\/v2\/types\/page"}],"author":[{"embeddable":true,"href":"https:\/\/www.qualitycreation.eu\/pt\/wp-json\/wp\/v2\/users\/1"}],"replies":[{"embeddable":true,"href":"https:\/\/www.qualitycreation.eu\/pt\/wp-json\/wp\/v2\/comments?post=198"}],"version-history":[{"count":10,"href":"https:\/\/www.qualitycreation.eu\/pt\/wp-json\/wp\/v2\/pages\/198\/revisions"}],"predecessor-version":[{"id":1422,"href":"https:\/\/www.qualitycreation.eu\/pt\/wp-json\/wp\/v2\/pages\/198\/revisions\/1422"}],"wp:attachment":[{"href":"https:\/\/www.qualitycreation.eu\/pt\/wp-json\/wp\/v2\/media?parent=198"}],"curies":[{"name":"wp","href":"https:\/\/api.w.org\/{rel}","templated":true}]}}