{"id":425,"date":"2024-12-03T15:30:13","date_gmt":"2024-12-03T14:30:13","guid":{"rendered":"https:\/\/www.qualitycreation.eu\/?page_id=425"},"modified":"2025-01-10T09:16:36","modified_gmt":"2025-01-10T08:16:36","slug":"qualitas","status":"publish","type":"page","link":"https:\/\/www.qualitycreation.eu\/pt\/qualitas\/","title":{"rendered":"O conceito do QUALITAS"},"content":{"rendered":"\r\n<div class=\"wp-block-media-text is-stacked-on-mobile\" style=\"grid-template-columns: 67% auto;\">\r\n<figure class=\"wp-block-media-text__media\"><img loading=\"lazy\" decoding=\"async\" width=\"917\" height=\"1024\" class=\"wp-image-426 size-full\" src=\"https:\/\/www.qualitycreation.eu\/wp-content\/uploads\/2024\/12\/IMG_5524-917x1024.png\" alt=\"\" srcset=\"https:\/\/www.qualitycreation.eu\/wp-content\/uploads\/2024\/12\/IMG_5524-917x1024.png 917w, https:\/\/www.qualitycreation.eu\/wp-content\/uploads\/2024\/12\/IMG_5524-269x300.png 269w, https:\/\/www.qualitycreation.eu\/wp-content\/uploads\/2024\/12\/IMG_5524-768x857.png 768w, https:\/\/www.qualitycreation.eu\/wp-content\/uploads\/2024\/12\/IMG_5524-1376x1536.png 1376w, https:\/\/www.qualitycreation.eu\/wp-content\/uploads\/2024\/12\/IMG_5524-1835x2048.png 1835w, https:\/\/www.qualitycreation.eu\/wp-content\/uploads\/2024\/12\/IMG_5524-1024x1143.png 1024w\" sizes=\"auto, (max-width: 917px) 100vw, 917px\" \/><\/figure>\r\n<div class=\"wp-block-media-text__content\">\r\n\r\n\r\n\r\n<strong>O conceito do projeto QUALITAS<\/strong>\r\n\r\n\r\n\r\n\r\n\r\nO projeto Erasmus+ QUALITAS \u201cValue creation to foster resilience, sustainability and empowerment of European VET system \/ Cria\u00e7\u00e3o de valor para promover a resili\u00eancia, a sustentabilidade e a capacita\u00e7\u00e3o do sistema europeu de Ensino e Forma\u00e7\u00e3o Profissional\u201d contribui para a melhoria dos sistemas nacionais de EFP dos pa\u00edses que participam no projeto &#8211; Est\u00f3nia, Portugal, \u00c1ustria, Espanha e It\u00e1lia &#8211; introduzindo de forma inovadora, na educa\u00e7\u00e3o e forma\u00e7\u00e3o profissional, a abordagem da cria\u00e7\u00e3o de valor, proposta nas \u00e1reas sociais, econ\u00f3micas e ambientais selecionadas.\r\n\r\n\r\n\r\n<\/div>\r\n<\/div>\r\n\r\n\r\n","protected":false},"excerpt":{"rendered":"<p>O conceito do projeto QUALITAS O projeto Erasmus+ QUALITAS \u201cValue creation to foster resilience, sustainability and empowerment of<\/p>\n","protected":false},"author":2,"featured_media":0,"parent":0,"menu_order":0,"comment_status":"closed","ping_status":"closed","template":"","meta":{"footnotes":""},"class_list":["post-425","page","type-page","status-publish","hentry"],"_links":{"self":[{"href":"https:\/\/www.qualitycreation.eu\/pt\/wp-json\/wp\/v2\/pages\/425","targetHints":{"allow":["GET"]}}],"collection":[{"href":"https:\/\/www.qualitycreation.eu\/pt\/wp-json\/wp\/v2\/pages"}],"about":[{"href":"https:\/\/www.qualitycreation.eu\/pt\/wp-json\/wp\/v2\/types\/page"}],"author":[{"embeddable":true,"href":"https:\/\/www.qualitycreation.eu\/pt\/wp-json\/wp\/v2\/users\/2"}],"replies":[{"embeddable":true,"href":"https:\/\/www.qualitycreation.eu\/pt\/wp-json\/wp\/v2\/comments?post=425"}],"version-history":[{"count":9,"href":"https:\/\/www.qualitycreation.eu\/pt\/wp-json\/wp\/v2\/pages\/425\/revisions"}],"predecessor-version":[{"id":1397,"href":"https:\/\/www.qualitycreation.eu\/pt\/wp-json\/wp\/v2\/pages\/425\/revisions\/1397"}],"wp:attachment":[{"href":"https:\/\/www.qualitycreation.eu\/pt\/wp-json\/wp\/v2\/media?parent=425"}],"curies":[{"name":"wp","href":"https:\/\/api.w.org\/{rel}","templated":true}]}}